{"id":4231,"date":"2025-05-30T21:38:37","date_gmt":"2025-05-31T00:38:37","guid":{"rendered":"https:\/\/vohnabrindes.com.br\/?post_type=product&#038;p=4231"},"modified":"2025-05-30T21:38:39","modified_gmt":"2025-05-31T00:38:39","slug":"mochila-para-notebook-personalizada-9","status":"publish","type":"product","link":"https:\/\/vohnabrindes.com.br\/index.php\/product\/mochila-para-notebook-personalizada-9\/","title":{"rendered":"Mochila para notebook personalizada."},"content":{"rendered":"<div class=\"ref\">92523-DERBY.<\/div>\n<div><\/div>\n<div class=\"texto\">Mochila para notebook em 900D e c. sint\u00e9tico com 2 compartimentos principais e bolso frontal. O compartimento posterior \u00e9 forrado e tem divis\u00f3ria almofadada para notebook at\u00e9 15,6&#8243; e bolso em tela, com z\u00edpper. O compartimento m\u00e9dio tamb\u00e9m \u00e9 forrado e cont\u00e9m diversos bolsos interiores. A parte posterior e al\u00e7as s\u00e3o almofadadas.<\/div>\n<div class=\"texto\">dimens\u00f5es: 330 x 450 x 160 mm<\/div>\n","protected":false},"excerpt":{"rendered":"<p>92523-DERBY. Mochila para notebook em 900D e c. sint\u00e9tico com 2 compartimentos principais e bolso frontal. O compartimento posterior \u00e9 forrado e tem divis\u00f3ria almofadada para<span class=\"excerpt-hellip\"> [\u2026]<\/span><\/p>\n","protected":false},"featured_media":934,"comment_status":"open","ping_status":"closed","template":"","meta":[],"product_cat":[171],"product_tag":[292,180,283],"class_list":["post-4231","product","type-product","status-publish","has-post-thumbnail","hentry","product_cat-mochilas-e-malas","product_tag-mochila-com-logo","product_tag-mochila-executiva","product_tag-mochila-para-notebook-personalizada"],"_links":{"self":[{"href":"https:\/\/vohnabrindes.com.br\/index.php\/wp-json\/wp\/v2\/product\/4231","targetHints":{"allow":["GET"]}}],"collection":[{"href":"https:\/\/vohnabrindes.com.br\/index.php\/wp-json\/wp\/v2\/product"}],"about":[{"href":"https:\/\/vohnabrindes.com.br\/index.php\/wp-json\/wp\/v2\/types\/product"}],"replies":[{"embeddable":true,"href":"https:\/\/vohnabrindes.com.br\/index.php\/wp-json\/wp\/v2\/comments?post=4231"}],"version-history":[{"count":1,"href":"https:\/\/vohnabrindes.com.br\/index.php\/wp-json\/wp\/v2\/product\/4231\/revisions"}],"predecessor-version":[{"id":4261,"href":"https:\/\/vohnabrindes.com.br\/index.php\/wp-json\/wp\/v2\/product\/4231\/revisions\/4261"}],"wp:featuredmedia":[{"embeddable":true,"href":"https:\/\/vohnabrindes.com.br\/index.php\/wp-json\/wp\/v2\/media\/934"}],"wp:attachment":[{"href":"https:\/\/vohnabrindes.com.br\/index.php\/wp-json\/wp\/v2\/media?parent=4231"}],"wp:term":[{"taxonomy":"product_cat","embeddable":true,"href":"https:\/\/vohnabrindes.com.br\/index.php\/wp-json\/wp\/v2\/product_cat?post=4231"},{"taxonomy":"product_tag","embeddable":true,"href":"https:\/\/vohnabrindes.com.br\/index.php\/wp-json\/wp\/v2\/product_tag?post=4231"}],"curies":[{"name":"wp","href":"https:\/\/api.w.org\/{rel}","templated":true}]}}