{"id":4233,"date":"2025-05-30T21:38:37","date_gmt":"2025-05-31T00:38:37","guid":{"rendered":"https:\/\/vohnabrindes.com.br\/?post_type=product&#038;p=4233"},"modified":"2025-05-30T21:38:39","modified_gmt":"2025-05-31T00:38:39","slug":"mochila-para-notebook-personalizada-11","status":"publish","type":"product","link":"https:\/\/vohnabrindes.com.br\/index.php\/product\/mochila-para-notebook-personalizada-11\/","title":{"rendered":"Mochila para Notebook personalizada."},"content":{"rendered":"<pre class=\"mb-3\">MC370<\/pre>\n<div class=\"d-block\">\n<div>\n<p>Mochila para notebook em tecido poli\u00e9ster.Parte externa:<br \/>\n2 Bolsos frontais com ziper;<br \/>\n2 Bolsos laterais;<br \/>\nAl\u00e7a de m\u00e3o e ombro acolchoadas;<br \/>\nEngate para Mala de viagem;<br \/>\nConector USB na lateral.<\/p>\n<p>Parte interna:<br \/>\nCompartimento para notebook.<br \/>\nTamanho total do Notebook &#8211; 15.6&#8243;<br \/>\nMochila Imperme\u00e1vel<\/p>\n<div class=\"d-flex justify-content-between align-items-center\">\n<div class=\"text-end w-50\"><strong>Dimens\u00e3o do Produto:<\/strong>45x32x22cm<\/div>\n<\/div>\n<div class=\"d-flex justify-content-between align-items-center\">\n<div class=\"text-end w-50\"><strong>Peso do Produto:<\/strong>0,7kg<\/div>\n<\/div>\n<\/div>\n<\/div>\n","protected":false},"excerpt":{"rendered":"<p>MC370 Mochila para notebook em tecido poli\u00e9ster.Parte externa: 2 Bolsos frontais com ziper; 2 Bolsos laterais; Al\u00e7a de m\u00e3o e ombro acolchoadas; Engate para Mala de<span class=\"excerpt-hellip\"> [\u2026]<\/span><\/p>\n","protected":false},"featured_media":938,"comment_status":"open","ping_status":"closed","template":"","meta":[],"product_cat":[171],"product_tag":[292,180,283],"class_list":["post-4233","product","type-product","status-publish","has-post-thumbnail","hentry","product_cat-mochilas-e-malas","product_tag-mochila-com-logo","product_tag-mochila-executiva","product_tag-mochila-para-notebook-personalizada"],"_links":{"self":[{"href":"https:\/\/vohnabrindes.com.br\/index.php\/wp-json\/wp\/v2\/product\/4233","targetHints":{"allow":["GET"]}}],"collection":[{"href":"https:\/\/vohnabrindes.com.br\/index.php\/wp-json\/wp\/v2\/product"}],"about":[{"href":"https:\/\/vohnabrindes.com.br\/index.php\/wp-json\/wp\/v2\/types\/product"}],"replies":[{"embeddable":true,"href":"https:\/\/vohnabrindes.com.br\/index.php\/wp-json\/wp\/v2\/comments?post=4233"}],"version-history":[{"count":1,"href":"https:\/\/vohnabrindes.com.br\/index.php\/wp-json\/wp\/v2\/product\/4233\/revisions"}],"predecessor-version":[{"id":4263,"href":"https:\/\/vohnabrindes.com.br\/index.php\/wp-json\/wp\/v2\/product\/4233\/revisions\/4263"}],"wp:featuredmedia":[{"embeddable":true,"href":"https:\/\/vohnabrindes.com.br\/index.php\/wp-json\/wp\/v2\/media\/938"}],"wp:attachment":[{"href":"https:\/\/vohnabrindes.com.br\/index.php\/wp-json\/wp\/v2\/media?parent=4233"}],"wp:term":[{"taxonomy":"product_cat","embeddable":true,"href":"https:\/\/vohnabrindes.com.br\/index.php\/wp-json\/wp\/v2\/product_cat?post=4233"},{"taxonomy":"product_tag","embeddable":true,"href":"https:\/\/vohnabrindes.com.br\/index.php\/wp-json\/wp\/v2\/product_tag?post=4233"}],"curies":[{"name":"wp","href":"https:\/\/api.w.org\/{rel}","templated":true}]}}