{"id":4235,"date":"2025-05-30T21:38:38","date_gmt":"2025-05-31T00:38:38","guid":{"rendered":"https:\/\/vohnabrindes.com.br\/?post_type=product&#038;p=4235"},"modified":"2025-05-30T21:38:39","modified_gmt":"2025-05-31T00:38:39","slug":"mochila-para-notebook-15-6-personalizada-6","status":"publish","type":"product","link":"https:\/\/vohnabrindes.com.br\/index.php\/product\/mochila-para-notebook-15-6-personalizada-6\/","title":{"rendered":"Mochila para notebook 15.6&#8221; personalizada."},"content":{"rendered":"<div class=\"ref\">52637-BIRMINGHAM.<\/div>\n<div class=\"ref\">Mochila para notebook 15.6&#8221;<\/div>\n<div class=\"texto\">Mochila para notebook em poli\u00e9ster 600D imperme\u00e1vel com compartimento principal almofadado para notebook at\u00e9 15.6&#8221;. Bolso frontal e z\u00edpers imperme\u00e1veis. Bolso lateral em tela e parte posterior almofadada, com sistema de apoio acolchoado para as costas e al\u00e7as almofadadas.<\/div>\n<div class=\"texto\">Placa met\u00e1lica para\u00a0 grava\u00e7\u00e3o.<\/div>\n<div class=\"texto\">dimens\u00f5es: 280 x 400 x 110 mm<\/div>\n","protected":false},"excerpt":{"rendered":"<p>52637-BIRMINGHAM. Mochila para notebook 15.6&#8221; Mochila para notebook em poli\u00e9ster 600D imperme\u00e1vel com compartimento principal almofadado para notebook at\u00e9 15.6&#8221;. Bolso frontal e z\u00edpers imperme\u00e1veis. Bolso<span class=\"excerpt-hellip\"> [\u2026]<\/span><\/p>\n","protected":false},"featured_media":942,"comment_status":"open","ping_status":"closed","template":"","meta":[],"product_cat":[171],"product_tag":[292,180,301,181],"class_list":["post-4235","product","type-product","status-publish","has-post-thumbnail","hentry","product_cat-mochilas-e-malas","product_tag-mochila-com-logo","product_tag-mochila-executiva","product_tag-mochila-para-notebook-15-6-personalizada","product_tag-mochila-personalizada"],"_links":{"self":[{"href":"https:\/\/vohnabrindes.com.br\/index.php\/wp-json\/wp\/v2\/product\/4235","targetHints":{"allow":["GET"]}}],"collection":[{"href":"https:\/\/vohnabrindes.com.br\/index.php\/wp-json\/wp\/v2\/product"}],"about":[{"href":"https:\/\/vohnabrindes.com.br\/index.php\/wp-json\/wp\/v2\/types\/product"}],"replies":[{"embeddable":true,"href":"https:\/\/vohnabrindes.com.br\/index.php\/wp-json\/wp\/v2\/comments?post=4235"}],"version-history":[{"count":1,"href":"https:\/\/vohnabrindes.com.br\/index.php\/wp-json\/wp\/v2\/product\/4235\/revisions"}],"predecessor-version":[{"id":4265,"href":"https:\/\/vohnabrindes.com.br\/index.php\/wp-json\/wp\/v2\/product\/4235\/revisions\/4265"}],"wp:featuredmedia":[{"embeddable":true,"href":"https:\/\/vohnabrindes.com.br\/index.php\/wp-json\/wp\/v2\/media\/942"}],"wp:attachment":[{"href":"https:\/\/vohnabrindes.com.br\/index.php\/wp-json\/wp\/v2\/media?parent=4235"}],"wp:term":[{"taxonomy":"product_cat","embeddable":true,"href":"https:\/\/vohnabrindes.com.br\/index.php\/wp-json\/wp\/v2\/product_cat?post=4235"},{"taxonomy":"product_tag","embeddable":true,"href":"https:\/\/vohnabrindes.com.br\/index.php\/wp-json\/wp\/v2\/product_tag?post=4235"}],"curies":[{"name":"wp","href":"https:\/\/api.w.org\/{rel}","templated":true}]}}