{"id":4239,"date":"2025-05-30T21:38:38","date_gmt":"2025-05-31T00:38:38","guid":{"rendered":"https:\/\/vohnabrindes.com.br\/?post_type=product&#038;p=4239"},"modified":"2025-05-30T21:38:40","modified_gmt":"2025-05-31T00:38:40","slug":"mochila-esportiva-personalizada","status":"publish","type":"product","link":"https:\/\/vohnabrindes.com.br\/index.php\/product\/mochila-esportiva-personalizada\/","title":{"rendered":"Mochila esportiva personalizada."},"content":{"rendered":"<div class=\"ref\">92628-MOUNTI.<\/div>\n<div class=\"ref\">Mochila esportiva<\/div>\n<div class=\"texto\">Mochila desportiva em 420D com compartimento principal forrado e bolso frontal com z\u00edper. Painel frontal com elementos refletores. A parte posterior da mala e as al\u00e7as s\u00e3o almofadadas para garantir um maior conforto para as costas. Ainda na parte posterior cont\u00e9m al\u00e7a com fecho, para garantir que a mala \u00e9 ajustada ao tronco, facilitando o seu transporte em movimento e uso prolongado. A mochila inclui um reservat\u00f3rio de \u00e1gua com capacidade at\u00e9 2 L e canudo. A mochila e o reservat\u00f3rio s\u00e3o fornecidos separadamente.<\/div>\n<div class=\"texto\">dimens\u00f5es: 265 x 410 x 55 mm<\/div>\n","protected":false},"excerpt":{"rendered":"<p>92628-MOUNTI. Mochila esportiva Mochila desportiva em 420D com compartimento principal forrado e bolso frontal com z\u00edper. Painel frontal com elementos refletores. A parte posterior da mala<span class=\"excerpt-hellip\"> [\u2026]<\/span><\/p>\n","protected":false},"featured_media":959,"comment_status":"open","ping_status":"closed","template":"","meta":[],"product_cat":[312],"product_tag":[183,322,323],"class_list":["post-4239","product","type-product","status-publish","has-post-thumbnail","hentry","product_cat-mochilas-saco-e-bolsas-esportivas","product_tag-mochila","product_tag-mochila-esportiva","product_tag-mochila-esportiva-personalizada"],"_links":{"self":[{"href":"https:\/\/vohnabrindes.com.br\/index.php\/wp-json\/wp\/v2\/product\/4239","targetHints":{"allow":["GET"]}}],"collection":[{"href":"https:\/\/vohnabrindes.com.br\/index.php\/wp-json\/wp\/v2\/product"}],"about":[{"href":"https:\/\/vohnabrindes.com.br\/index.php\/wp-json\/wp\/v2\/types\/product"}],"replies":[{"embeddable":true,"href":"https:\/\/vohnabrindes.com.br\/index.php\/wp-json\/wp\/v2\/comments?post=4239"}],"version-history":[{"count":1,"href":"https:\/\/vohnabrindes.com.br\/index.php\/wp-json\/wp\/v2\/product\/4239\/revisions"}],"predecessor-version":[{"id":4269,"href":"https:\/\/vohnabrindes.com.br\/index.php\/wp-json\/wp\/v2\/product\/4239\/revisions\/4269"}],"wp:featuredmedia":[{"embeddable":true,"href":"https:\/\/vohnabrindes.com.br\/index.php\/wp-json\/wp\/v2\/media\/959"}],"wp:attachment":[{"href":"https:\/\/vohnabrindes.com.br\/index.php\/wp-json\/wp\/v2\/media?parent=4239"}],"wp:term":[{"taxonomy":"product_cat","embeddable":true,"href":"https:\/\/vohnabrindes.com.br\/index.php\/wp-json\/wp\/v2\/product_cat?post=4239"},{"taxonomy":"product_tag","embeddable":true,"href":"https:\/\/vohnabrindes.com.br\/index.php\/wp-json\/wp\/v2\/product_tag?post=4239"}],"curies":[{"name":"wp","href":"https:\/\/api.w.org\/{rel}","templated":true}]}}