{"id":4241,"date":"2025-05-30T21:38:38","date_gmt":"2025-05-31T00:38:38","guid":{"rendered":"https:\/\/vohnabrindes.com.br\/?post_type=product&#038;p=4241"},"modified":"2025-05-30T21:38:40","modified_gmt":"2025-05-31T00:38:40","slug":"mochila-em-840d-para-notebook-ate-15","status":"publish","type":"product","link":"https:\/\/vohnabrindes.com.br\/index.php\/product\/mochila-em-840d-para-notebook-ate-15\/","title":{"rendered":"Mochila em 840D para notebook at\u00e9 15&#8221;."},"content":{"rendered":"<div class=\"ref\">92626-ROCCO.<\/div>\n<div><\/div>\n<div class=\"texto\">Mochila em 840D para notebook at\u00e9 15&#8221;. Cont\u00e9m 1 bolso principal com 3 bolsos adicionais e um bolso frontal com v\u00e1rios compartimentos e z\u00edper. Na parte posterior da mochila tem um encaixe para trolley.<\/div>\n<div class=\"texto\">dimens\u00f5es: 300 x 370 x 60 mm<\/div>\n<div>cor preto<\/div>\n","protected":false},"excerpt":{"rendered":"<p>92626-ROCCO. Mochila em 840D para notebook at\u00e9 15&#8221;. Cont\u00e9m 1 bolso principal com 3 bolsos adicionais e um bolso frontal com v\u00e1rios compartimentos e z\u00edper. Na<span class=\"excerpt-hellip\"> [\u2026]<\/span><\/p>\n","protected":false},"featured_media":963,"comment_status":"open","ping_status":"closed","template":"","meta":[],"product_cat":[171],"product_tag":[292,325,181],"class_list":["post-4241","product","type-product","status-publish","has-post-thumbnail","hentry","product_cat-mochilas-e-malas","product_tag-mochila-com-logo","product_tag-mochila-em-840d-para-notebook-ate-15","product_tag-mochila-personalizada"],"_links":{"self":[{"href":"https:\/\/vohnabrindes.com.br\/index.php\/wp-json\/wp\/v2\/product\/4241","targetHints":{"allow":["GET"]}}],"collection":[{"href":"https:\/\/vohnabrindes.com.br\/index.php\/wp-json\/wp\/v2\/product"}],"about":[{"href":"https:\/\/vohnabrindes.com.br\/index.php\/wp-json\/wp\/v2\/types\/product"}],"replies":[{"embeddable":true,"href":"https:\/\/vohnabrindes.com.br\/index.php\/wp-json\/wp\/v2\/comments?post=4241"}],"version-history":[{"count":1,"href":"https:\/\/vohnabrindes.com.br\/index.php\/wp-json\/wp\/v2\/product\/4241\/revisions"}],"predecessor-version":[{"id":4271,"href":"https:\/\/vohnabrindes.com.br\/index.php\/wp-json\/wp\/v2\/product\/4241\/revisions\/4271"}],"wp:featuredmedia":[{"embeddable":true,"href":"https:\/\/vohnabrindes.com.br\/index.php\/wp-json\/wp\/v2\/media\/963"}],"wp:attachment":[{"href":"https:\/\/vohnabrindes.com.br\/index.php\/wp-json\/wp\/v2\/media?parent=4241"}],"wp:term":[{"taxonomy":"product_cat","embeddable":true,"href":"https:\/\/vohnabrindes.com.br\/index.php\/wp-json\/wp\/v2\/product_cat?post=4241"},{"taxonomy":"product_tag","embeddable":true,"href":"https:\/\/vohnabrindes.com.br\/index.php\/wp-json\/wp\/v2\/product_tag?post=4241"}],"curies":[{"name":"wp","href":"https:\/\/api.w.org\/{rel}","templated":true}]}}