{"id":4244,"date":"2025-05-30T21:38:38","date_gmt":"2025-05-31T00:38:38","guid":{"rendered":"https:\/\/vohnabrindes.com.br\/?post_type=product&#038;p=4244"},"modified":"2025-05-30T21:38:40","modified_gmt":"2025-05-31T00:38:40","slug":"mochila-em-juco-ecologica-personalizada","status":"publish","type":"product","link":"https:\/\/vohnabrindes.com.br\/index.php\/product\/mochila-em-juco-ecologica-personalizada\/","title":{"rendered":"Mochila em juco, ecol\u00f3gica personalizada."},"content":{"rendered":"<div class=\"ref\">92938-MARBELLA.<\/div>\n<div class=\"ref\">Mochila em juco, ecol\u00f3gica personalizada.<\/div>\n<div class=\"texto\">Mochila em juco (275 g\/m\u00b2) com um compartimento principal e bolso frontal com fecho.<\/div>\n<div class=\"texto\">al\u00e7as em webbing de algod\u00e3o no topo e al\u00e7as ajust\u00e1veis em algod\u00e3o bicolor. 270 x 350 x 70 mm<\/div>\n","protected":false},"excerpt":{"rendered":"<p>92938-MARBELLA. Mochila em juco, ecol\u00f3gica personalizada. Mochila em juco (275 g\/m\u00b2) com um compartimento principal e bolso frontal com fecho. al\u00e7as em webbing de algod\u00e3o no<span class=\"excerpt-hellip\"> [\u2026]<\/span><\/p>\n","protected":false},"featured_media":969,"comment_status":"open","ping_status":"closed","template":"","meta":[],"product_cat":[152,126,171],"product_tag":[326,327,328],"class_list":["post-4244","product","type-product","status-publish","has-post-thumbnail","hentry","product_cat-lancamentos","product_cat-linha-ecologica","product_cat-mochilas-e-malas","product_tag-ecologica-personalizada","product_tag-mochila-ecologica","product_tag-mochila-em-juco"],"_links":{"self":[{"href":"https:\/\/vohnabrindes.com.br\/index.php\/wp-json\/wp\/v2\/product\/4244","targetHints":{"allow":["GET"]}}],"collection":[{"href":"https:\/\/vohnabrindes.com.br\/index.php\/wp-json\/wp\/v2\/product"}],"about":[{"href":"https:\/\/vohnabrindes.com.br\/index.php\/wp-json\/wp\/v2\/types\/product"}],"replies":[{"embeddable":true,"href":"https:\/\/vohnabrindes.com.br\/index.php\/wp-json\/wp\/v2\/comments?post=4244"}],"version-history":[{"count":1,"href":"https:\/\/vohnabrindes.com.br\/index.php\/wp-json\/wp\/v2\/product\/4244\/revisions"}],"predecessor-version":[{"id":4274,"href":"https:\/\/vohnabrindes.com.br\/index.php\/wp-json\/wp\/v2\/product\/4244\/revisions\/4274"}],"wp:featuredmedia":[{"embeddable":true,"href":"https:\/\/vohnabrindes.com.br\/index.php\/wp-json\/wp\/v2\/media\/969"}],"wp:attachment":[{"href":"https:\/\/vohnabrindes.com.br\/index.php\/wp-json\/wp\/v2\/media?parent=4244"}],"wp:term":[{"taxonomy":"product_cat","embeddable":true,"href":"https:\/\/vohnabrindes.com.br\/index.php\/wp-json\/wp\/v2\/product_cat?post=4244"},{"taxonomy":"product_tag","embeddable":true,"href":"https:\/\/vohnabrindes.com.br\/index.php\/wp-json\/wp\/v2\/product_tag?post=4244"}],"curies":[{"name":"wp","href":"https:\/\/api.w.org\/{rel}","templated":true}]}}