{"id":4250,"date":"2025-05-30T21:38:38","date_gmt":"2025-05-31T00:38:38","guid":{"rendered":"https:\/\/vohnabrindes.com.br\/?post_type=product&#038;p=4250"},"modified":"2025-05-30T21:38:40","modified_gmt":"2025-05-31T00:38:40","slug":"copo-reutilizavel-personalizado","status":"publish","type":"product","link":"https:\/\/vohnabrindes.com.br\/index.php\/product\/copo-reutilizavel-personalizado\/","title":{"rendered":"Copo reutiliz\u00e1vel personalizado."},"content":{"rendered":"<div class=\"ref\">94322-TONALI 450.<\/div>\n<div class=\"ref\">Copo reutiliz\u00e1vel<\/div>\n<div class=\"texto\">Copo de viagem com tampa e corpo em PP.<\/div>\n<div class=\"texto\">Capacidade at\u00e9 450 mL. \u00d890 x 135 mm<\/div>\n","protected":false},"excerpt":{"rendered":"<p>94322-TONALI 450. Copo reutiliz\u00e1vel Copo de viagem com tampa e corpo em PP. Capacidade at\u00e9 450 mL. \u00d890 x 135 mm<\/p>\n","protected":false},"featured_media":991,"comment_status":"open","ping_status":"closed","template":"","meta":[],"product_cat":[135,152,126],"product_tag":[336,332,338],"class_list":["post-4250","product","type-product","status-publish","has-post-thumbnail","hentry","product_cat-canecas-e-copos","product_cat-lancamentos","product_cat-linha-ecologica","product_tag-copo-ecologico","product_tag-copo-personalizado","product_tag-copo-reutilizavel-personalizado"],"_links":{"self":[{"href":"https:\/\/vohnabrindes.com.br\/index.php\/wp-json\/wp\/v2\/product\/4250","targetHints":{"allow":["GET"]}}],"collection":[{"href":"https:\/\/vohnabrindes.com.br\/index.php\/wp-json\/wp\/v2\/product"}],"about":[{"href":"https:\/\/vohnabrindes.com.br\/index.php\/wp-json\/wp\/v2\/types\/product"}],"replies":[{"embeddable":true,"href":"https:\/\/vohnabrindes.com.br\/index.php\/wp-json\/wp\/v2\/comments?post=4250"}],"version-history":[{"count":1,"href":"https:\/\/vohnabrindes.com.br\/index.php\/wp-json\/wp\/v2\/product\/4250\/revisions"}],"predecessor-version":[{"id":4280,"href":"https:\/\/vohnabrindes.com.br\/index.php\/wp-json\/wp\/v2\/product\/4250\/revisions\/4280"}],"wp:featuredmedia":[{"embeddable":true,"href":"https:\/\/vohnabrindes.com.br\/index.php\/wp-json\/wp\/v2\/media\/991"}],"wp:attachment":[{"href":"https:\/\/vohnabrindes.com.br\/index.php\/wp-json\/wp\/v2\/media?parent=4250"}],"wp:term":[{"taxonomy":"product_cat","embeddable":true,"href":"https:\/\/vohnabrindes.com.br\/index.php\/wp-json\/wp\/v2\/product_cat?post=4250"},{"taxonomy":"product_tag","embeddable":true,"href":"https:\/\/vohnabrindes.com.br\/index.php\/wp-json\/wp\/v2\/product_tag?post=4250"}],"curies":[{"name":"wp","href":"https:\/\/api.w.org\/{rel}","templated":true}]}}