{"id":4289,"date":"2025-05-30T21:38:41","date_gmt":"2025-05-31T00:38:41","guid":{"rendered":"https:\/\/vohnabrindes.com.br\/?post_type=product&#038;p=4289"},"modified":"2025-05-30T21:38:43","modified_gmt":"2025-05-31T00:38:43","slug":"copo-retratil-de-silicone-150ml-personalizado","status":"publish","type":"product","link":"https:\/\/vohnabrindes.com.br\/index.php\/product\/copo-retratil-de-silicone-150ml-personalizado\/","title":{"rendered":"Copo Retr\u00e1til de Silicone 150ml personalizado."},"content":{"rendered":"<pre id=\"item_referencia\">18636<\/pre>\n<p class=\"produto-nome\"><span class=\"desc-sub my-desc-sub\">Copo retr\u00e1til com capacidade de 150ml, livre de BPA. Cont\u00e9m tampa pl\u00e1stica de encaixe com acesso para chaveiro.<\/span><\/p>\n<div class=\"caracs\">\n<div class=\"desc\">\n<p class=\"desc-tit\">Altura<span class=\"desc-sub\">\u00a0:\u00a0 7,1 cm<\/span><\/p>\n<\/div>\n<div class=\"desc\">\n<p class=\"desc-tit\">Largura<span class=\"desc-sub\">\u00a0:\u00a0 8,5 cm<\/span><\/p>\n<\/div>\n<div class=\"desc\">\n<p class=\"desc-tit\">Circunfer\u00eancia<span class=\"desc-sub\">\u00a0:\u00a0 23,6 cm<\/span><\/p>\n<\/div>\n<div class=\"desc\">\n<p class=\"desc-tit\">Medidas aproximadas para grava\u00e7\u00e3o<span class=\"desc-sub\">\u00a0(CxL):\u00a0 7 cm x 7 cm<\/span><\/p>\n<\/div>\n<div class=\"desc\">\n<p class=\"desc-tit\">Peso aproximado<span class=\"desc-sub\">\u00a0(g):\u00a0 43<\/span><\/p>\n<p>cor: amarelo, branco, preto, verde, azul, vermelho e laranja<\/p>\n<\/div>\n<\/div>\n","protected":false},"excerpt":{"rendered":"<p>18636 Copo retr\u00e1til com capacidade de 150ml, livre de BPA. Cont\u00e9m tampa pl\u00e1stica de encaixe com acesso para chaveiro. Altura\u00a0:\u00a0 7,1 cm Largura\u00a0:\u00a0 8,5 cm Circunfer\u00eancia\u00a0:\u00a0<span class=\"excerpt-hellip\"> [\u2026]<\/span><\/p>\n","protected":false},"featured_media":1018,"comment_status":"open","ping_status":"closed","template":"","meta":[],"product_cat":[135],"product_tag":[336,332,341],"class_list":["post-4289","product","type-product","status-publish","has-post-thumbnail","hentry","product_cat-canecas-e-copos","product_tag-copo-ecologico","product_tag-copo-personalizado","product_tag-copo-retratil-personalizado"],"_links":{"self":[{"href":"https:\/\/vohnabrindes.com.br\/index.php\/wp-json\/wp\/v2\/product\/4289","targetHints":{"allow":["GET"]}}],"collection":[{"href":"https:\/\/vohnabrindes.com.br\/index.php\/wp-json\/wp\/v2\/product"}],"about":[{"href":"https:\/\/vohnabrindes.com.br\/index.php\/wp-json\/wp\/v2\/types\/product"}],"replies":[{"embeddable":true,"href":"https:\/\/vohnabrindes.com.br\/index.php\/wp-json\/wp\/v2\/comments?post=4289"}],"version-history":[{"count":1,"href":"https:\/\/vohnabrindes.com.br\/index.php\/wp-json\/wp\/v2\/product\/4289\/revisions"}],"predecessor-version":[{"id":4319,"href":"https:\/\/vohnabrindes.com.br\/index.php\/wp-json\/wp\/v2\/product\/4289\/revisions\/4319"}],"wp:featuredmedia":[{"embeddable":true,"href":"https:\/\/vohnabrindes.com.br\/index.php\/wp-json\/wp\/v2\/media\/1018"}],"wp:attachment":[{"href":"https:\/\/vohnabrindes.com.br\/index.php\/wp-json\/wp\/v2\/media?parent=4289"}],"wp:term":[{"taxonomy":"product_cat","embeddable":true,"href":"https:\/\/vohnabrindes.com.br\/index.php\/wp-json\/wp\/v2\/product_cat?post=4289"},{"taxonomy":"product_tag","embeddable":true,"href":"https:\/\/vohnabrindes.com.br\/index.php\/wp-json\/wp\/v2\/product_tag?post=4289"}],"curies":[{"name":"wp","href":"https:\/\/api.w.org\/{rel}","templated":true}]}}