{"id":4290,"date":"2025-05-30T21:38:42","date_gmt":"2025-05-31T00:38:42","guid":{"rendered":"https:\/\/vohnabrindes.com.br\/?post_type=product&#038;p=4290"},"modified":"2025-05-30T21:38:43","modified_gmt":"2025-05-31T00:38:43","slug":"copo-de-viagem-termico-personalizado-2","status":"publish","type":"product","link":"https:\/\/vohnabrindes.com.br\/index.php\/product\/copo-de-viagem-termico-personalizado-2\/","title":{"rendered":"Copo de viagem t\u00e9rmico personalizado."},"content":{"rendered":"<div class=\"ref\">94772-PHELPS.<\/div>\n<div class=\"ref\">Copo de viagem (t\u00e9rmico)<\/div>\n<div class=\"texto\">Copo de viagem em a\u00e7o inox e PP com parede dupla e isolamento a v\u00e1cuo (t\u00e9rmico).<\/div>\n<div class=\"texto\">Acabamento mate e revestimento em p\u00f3 que lhe confere mais durabilidade e resist\u00eancia.<\/div>\n<div class=\"texto\">Preserva as bebidas quentes por 8h e frias por 24h.<\/div>\n<div class=\"texto\">Tem capacidade at\u00e9 470ml.<\/div>\n<div class=\"texto\">Fornecido em caixa. \u00f890 x 150 mm<\/div>\n","protected":false},"excerpt":{"rendered":"<p>94772-PHELPS. Copo de viagem (t\u00e9rmico) Copo de viagem em a\u00e7o inox e PP com parede dupla e isolamento a v\u00e1cuo (t\u00e9rmico). Acabamento mate e revestimento em<span class=\"excerpt-hellip\"> [\u2026]<\/span><\/p>\n","protected":false},"featured_media":1020,"comment_status":"open","ping_status":"closed","template":"","meta":[],"product_cat":[135],"product_tag":[349,332,137],"class_list":["post-4290","product","type-product","status-publish","has-post-thumbnail","hentry","product_cat-canecas-e-copos","product_tag-copo-com-logo","product_tag-copo-personalizado","product_tag-copo-termico"],"_links":{"self":[{"href":"https:\/\/vohnabrindes.com.br\/index.php\/wp-json\/wp\/v2\/product\/4290","targetHints":{"allow":["GET"]}}],"collection":[{"href":"https:\/\/vohnabrindes.com.br\/index.php\/wp-json\/wp\/v2\/product"}],"about":[{"href":"https:\/\/vohnabrindes.com.br\/index.php\/wp-json\/wp\/v2\/types\/product"}],"replies":[{"embeddable":true,"href":"https:\/\/vohnabrindes.com.br\/index.php\/wp-json\/wp\/v2\/comments?post=4290"}],"version-history":[{"count":1,"href":"https:\/\/vohnabrindes.com.br\/index.php\/wp-json\/wp\/v2\/product\/4290\/revisions"}],"predecessor-version":[{"id":4320,"href":"https:\/\/vohnabrindes.com.br\/index.php\/wp-json\/wp\/v2\/product\/4290\/revisions\/4320"}],"wp:featuredmedia":[{"embeddable":true,"href":"https:\/\/vohnabrindes.com.br\/index.php\/wp-json\/wp\/v2\/media\/1020"}],"wp:attachment":[{"href":"https:\/\/vohnabrindes.com.br\/index.php\/wp-json\/wp\/v2\/media?parent=4290"}],"wp:term":[{"taxonomy":"product_cat","embeddable":true,"href":"https:\/\/vohnabrindes.com.br\/index.php\/wp-json\/wp\/v2\/product_cat?post=4290"},{"taxonomy":"product_tag","embeddable":true,"href":"https:\/\/vohnabrindes.com.br\/index.php\/wp-json\/wp\/v2\/product_tag?post=4290"}],"curies":[{"name":"wp","href":"https:\/\/api.w.org\/{rel}","templated":true}]}}