{"id":4291,"date":"2025-05-30T21:38:42","date_gmt":"2025-05-31T00:38:42","guid":{"rendered":"https:\/\/vohnabrindes.com.br\/?post_type=product&#038;p=4291"},"modified":"2025-05-30T21:38:43","modified_gmt":"2025-05-31T00:38:43","slug":"copo-para-salada-personalizado","status":"publish","type":"product","link":"https:\/\/vohnabrindes.com.br\/index.php\/product\/copo-para-salada-personalizado\/","title":{"rendered":"Copo para salada personalizado."},"content":{"rendered":"<div class=\"ref\">53878-TURMERIC.<\/div>\n<div class=\"ref\">Copo para salada<\/div>\n<div class=\"texto\">Copo para salada em PP com garfo e molheira.<\/div>\n<div class=\"texto\">Capacidade at\u00e9 850 mL. Apto para microondas (retirar a tampa).<\/div>\n<div class=\"texto\">Certifica\u00e7\u00e3o EU Food Grade.<\/div>\n<div><\/div>\n","protected":false},"excerpt":{"rendered":"<p>53878-TURMERIC. Copo para salada Copo para salada em PP com garfo e molheira. Capacidade at\u00e9 850 mL. Apto para microondas (retirar a tampa). Certifica\u00e7\u00e3o EU Food<span class=\"excerpt-hellip\"> [\u2026]<\/span><\/p>\n","protected":false},"featured_media":1022,"comment_status":"open","ping_status":"closed","template":"","meta":[],"product_cat":[135,350],"product_tag":[351,352,353],"class_list":["post-4291","product","type-product","status-publish","has-post-thumbnail","hentry","product_cat-canecas-e-copos","product_cat-fitness-e-lazer","product_tag-copo-para-salada","product_tag-copo-para-salada-personaliado","product_tag-copo-para-salada-personlizado"],"_links":{"self":[{"href":"https:\/\/vohnabrindes.com.br\/index.php\/wp-json\/wp\/v2\/product\/4291","targetHints":{"allow":["GET"]}}],"collection":[{"href":"https:\/\/vohnabrindes.com.br\/index.php\/wp-json\/wp\/v2\/product"}],"about":[{"href":"https:\/\/vohnabrindes.com.br\/index.php\/wp-json\/wp\/v2\/types\/product"}],"replies":[{"embeddable":true,"href":"https:\/\/vohnabrindes.com.br\/index.php\/wp-json\/wp\/v2\/comments?post=4291"}],"version-history":[{"count":1,"href":"https:\/\/vohnabrindes.com.br\/index.php\/wp-json\/wp\/v2\/product\/4291\/revisions"}],"predecessor-version":[{"id":4321,"href":"https:\/\/vohnabrindes.com.br\/index.php\/wp-json\/wp\/v2\/product\/4291\/revisions\/4321"}],"wp:featuredmedia":[{"embeddable":true,"href":"https:\/\/vohnabrindes.com.br\/index.php\/wp-json\/wp\/v2\/media\/1022"}],"wp:attachment":[{"href":"https:\/\/vohnabrindes.com.br\/index.php\/wp-json\/wp\/v2\/media?parent=4291"}],"wp:term":[{"taxonomy":"product_cat","embeddable":true,"href":"https:\/\/vohnabrindes.com.br\/index.php\/wp-json\/wp\/v2\/product_cat?post=4291"},{"taxonomy":"product_tag","embeddable":true,"href":"https:\/\/vohnabrindes.com.br\/index.php\/wp-json\/wp\/v2\/product_tag?post=4291"}],"curies":[{"name":"wp","href":"https:\/\/api.w.org\/{rel}","templated":true}]}}