{"id":4292,"date":"2025-05-30T21:38:42","date_gmt":"2025-05-31T00:38:42","guid":{"rendered":"https:\/\/vohnabrindes.com.br\/?post_type=product&#038;p=4292"},"modified":"2025-05-30T21:38:43","modified_gmt":"2025-05-31T00:38:43","slug":"copo-para-viagem-personalizado","status":"publish","type":"product","link":"https:\/\/vohnabrindes.com.br\/index.php\/product\/copo-para-viagem-personalizado\/","title":{"rendered":"Copo para viagem personalizado."},"content":{"rendered":"<div class=\"ref\">94638-CANNA.<\/div>\n<div class=\"ref\">Copo para viagem personalizado.<\/div>\n<div class=\"texto\">Copo de viagem em fibra de bambu (50%) e PP (50%), com tira de silicone no corpo para facilitar o transporte. A tampa em silicone no topo roda para tapar abertura e prevenir salpicos.<\/div>\n<div class=\"texto\">Capacidade at\u00e9 500 mL. Certifica\u00e7\u00e3o EU Food Grade. \u00f895 x 140 mm<\/div>\n","protected":false},"excerpt":{"rendered":"<p>94638-CANNA. Copo para viagem personalizado. Copo de viagem em fibra de bambu (50%) e PP (50%), com tira de silicone no corpo para facilitar o transporte.<span class=\"excerpt-hellip\"> [\u2026]<\/span><\/p>\n","protected":false},"featured_media":1024,"comment_status":"open","ping_status":"closed","template":"","meta":[],"product_cat":[135,126],"product_tag":[336,354,332],"class_list":["post-4292","product","type-product","status-publish","has-post-thumbnail","hentry","product_cat-canecas-e-copos","product_cat-linha-ecologica","product_tag-copo-ecologico","product_tag-copo-para-viagem-personalizado","product_tag-copo-personalizado"],"_links":{"self":[{"href":"https:\/\/vohnabrindes.com.br\/index.php\/wp-json\/wp\/v2\/product\/4292","targetHints":{"allow":["GET"]}}],"collection":[{"href":"https:\/\/vohnabrindes.com.br\/index.php\/wp-json\/wp\/v2\/product"}],"about":[{"href":"https:\/\/vohnabrindes.com.br\/index.php\/wp-json\/wp\/v2\/types\/product"}],"replies":[{"embeddable":true,"href":"https:\/\/vohnabrindes.com.br\/index.php\/wp-json\/wp\/v2\/comments?post=4292"}],"version-history":[{"count":1,"href":"https:\/\/vohnabrindes.com.br\/index.php\/wp-json\/wp\/v2\/product\/4292\/revisions"}],"predecessor-version":[{"id":4322,"href":"https:\/\/vohnabrindes.com.br\/index.php\/wp-json\/wp\/v2\/product\/4292\/revisions\/4322"}],"wp:featuredmedia":[{"embeddable":true,"href":"https:\/\/vohnabrindes.com.br\/index.php\/wp-json\/wp\/v2\/media\/1024"}],"wp:attachment":[{"href":"https:\/\/vohnabrindes.com.br\/index.php\/wp-json\/wp\/v2\/media?parent=4292"}],"wp:term":[{"taxonomy":"product_cat","embeddable":true,"href":"https:\/\/vohnabrindes.com.br\/index.php\/wp-json\/wp\/v2\/product_cat?post=4292"},{"taxonomy":"product_tag","embeddable":true,"href":"https:\/\/vohnabrindes.com.br\/index.php\/wp-json\/wp\/v2\/product_tag?post=4292"}],"curies":[{"name":"wp","href":"https:\/\/api.w.org\/{rel}","templated":true}]}}