{"id":4293,"date":"2025-05-30T21:38:42","date_gmt":"2025-05-31T00:38:42","guid":{"rendered":"https:\/\/vohnabrindes.com.br\/?post_type=product&#038;p=4293"},"modified":"2025-05-30T21:38:43","modified_gmt":"2025-05-31T00:38:43","slug":"copo-de-viagem-termico-personalizado-3","status":"publish","type":"product","link":"https:\/\/vohnabrindes.com.br\/index.php\/product\/copo-de-viagem-termico-personalizado-3\/","title":{"rendered":"Copo de viagem t\u00e9rmico personalizado."},"content":{"rendered":"<div class=\"ref\">94242-SLIDER.<\/div>\n<div class=\"ref\">Copo de viagem t\u00e9rmico personalizado.<\/div>\n<div class=\"texto\">Copo de viagem para sublima\u00e7\u00e3o com parede dupla em a\u00e7o inox (t\u00e9rmico).<\/div>\n<div class=\"texto\">Inclui tampa transparente com abertura deslizante.<\/div>\n<div class=\"texto\">Capacidade at\u00e9 380ml. Preserva as bebidas quentes por 6h e frias por 12h.<\/div>\n<div class=\"texto\">Certifica\u00e7\u00e3o EU Food Grade. Fornecido em caixa. \u00f877 x 120 mm<\/div>\n","protected":false},"excerpt":{"rendered":"<p>94242-SLIDER. Copo de viagem t\u00e9rmico personalizado. Copo de viagem para sublima\u00e7\u00e3o com parede dupla em a\u00e7o inox (t\u00e9rmico). Inclui tampa transparente com abertura deslizante. Capacidade at\u00e9<span class=\"excerpt-hellip\"> [\u2026]<\/span><\/p>\n","protected":false},"featured_media":1026,"comment_status":"open","ping_status":"closed","template":"","meta":[],"product_cat":[135],"product_tag":[355,332],"class_list":["post-4293","product","type-product","status-publish","has-post-thumbnail","hentry","product_cat-canecas-e-copos","product_tag-copo-de-viagem-termico-personalizado","product_tag-copo-personalizado"],"_links":{"self":[{"href":"https:\/\/vohnabrindes.com.br\/index.php\/wp-json\/wp\/v2\/product\/4293","targetHints":{"allow":["GET"]}}],"collection":[{"href":"https:\/\/vohnabrindes.com.br\/index.php\/wp-json\/wp\/v2\/product"}],"about":[{"href":"https:\/\/vohnabrindes.com.br\/index.php\/wp-json\/wp\/v2\/types\/product"}],"replies":[{"embeddable":true,"href":"https:\/\/vohnabrindes.com.br\/index.php\/wp-json\/wp\/v2\/comments?post=4293"}],"version-history":[{"count":1,"href":"https:\/\/vohnabrindes.com.br\/index.php\/wp-json\/wp\/v2\/product\/4293\/revisions"}],"predecessor-version":[{"id":4323,"href":"https:\/\/vohnabrindes.com.br\/index.php\/wp-json\/wp\/v2\/product\/4293\/revisions\/4323"}],"wp:featuredmedia":[{"embeddable":true,"href":"https:\/\/vohnabrindes.com.br\/index.php\/wp-json\/wp\/v2\/media\/1026"}],"wp:attachment":[{"href":"https:\/\/vohnabrindes.com.br\/index.php\/wp-json\/wp\/v2\/media?parent=4293"}],"wp:term":[{"taxonomy":"product_cat","embeddable":true,"href":"https:\/\/vohnabrindes.com.br\/index.php\/wp-json\/wp\/v2\/product_cat?post=4293"},{"taxonomy":"product_tag","embeddable":true,"href":"https:\/\/vohnabrindes.com.br\/index.php\/wp-json\/wp\/v2\/product_tag?post=4293"}],"curies":[{"name":"wp","href":"https:\/\/api.w.org\/{rel}","templated":true}]}}