{"id":4297,"date":"2025-05-30T21:38:42","date_gmt":"2025-05-31T00:38:42","guid":{"rendered":"https:\/\/vohnabrindes.com.br\/?post_type=product&#038;p=4297"},"modified":"2025-05-30T21:38:44","modified_gmt":"2025-05-31T00:38:44","slug":"bolsa-termica-7-l-personalizada","status":"publish","type":"product","link":"https:\/\/vohnabrindes.com.br\/index.php\/product\/bolsa-termica-7-l-personalizada\/","title":{"rendered":"Bolsa T\u00e9rmica 7 L personalizada."},"content":{"rendered":"<div class=\"ref\">92097-ZIPPERS COOLER.<\/div>\n<div class=\"ref\">Bolsa T\u00e9rmica 7 L<\/div>\n<div class=\"texto\">Bolsa T\u00e9rmica em 300D e 840D Jacquard com interior imperme\u00e1vel em PEVA para facilitar a higieniza\u00e7\u00e3o. Cont\u00e9m 2 compartimentos principais, 1 bolso frontal com fecho e 1 bolso lateral em rede.<\/div>\n<div class=\"texto\">Possui um bolso com fecho principal duplo, al\u00e7a em webbing ajust\u00e1vel e pega de m\u00e3o almofadada.<\/div>\n<div class=\"texto\">A bolsa t\u00e9rmica tem capacidade at\u00e9 7 L.<\/div>\n<div class=\"texto\">dimens\u00f5es: 270 x 240 x 150 mm<\/div>\n","protected":false},"excerpt":{"rendered":"<p>92097-ZIPPERS COOLER. Bolsa T\u00e9rmica 7 L Bolsa T\u00e9rmica em 300D e 840D Jacquard com interior imperme\u00e1vel em PEVA para facilitar a higieniza\u00e7\u00e3o. Cont\u00e9m 2 compartimentos principais,<span class=\"excerpt-hellip\"> [\u2026]<\/span><\/p>\n","protected":false},"featured_media":1044,"comment_status":"open","ping_status":"closed","template":"","meta":[],"product_cat":[145],"product_tag":[357,358,359],"class_list":["post-4297","product","type-product","status-publish","has-post-thumbnail","hentry","product_cat-bolsas-termicas-e-coolers","product_tag-bolsa-termica-7-l-personalizada","product_tag-bolsa-termica-personalizada","product_tag-cooler-personalizado"],"_links":{"self":[{"href":"https:\/\/vohnabrindes.com.br\/index.php\/wp-json\/wp\/v2\/product\/4297","targetHints":{"allow":["GET"]}}],"collection":[{"href":"https:\/\/vohnabrindes.com.br\/index.php\/wp-json\/wp\/v2\/product"}],"about":[{"href":"https:\/\/vohnabrindes.com.br\/index.php\/wp-json\/wp\/v2\/types\/product"}],"replies":[{"embeddable":true,"href":"https:\/\/vohnabrindes.com.br\/index.php\/wp-json\/wp\/v2\/comments?post=4297"}],"version-history":[{"count":1,"href":"https:\/\/vohnabrindes.com.br\/index.php\/wp-json\/wp\/v2\/product\/4297\/revisions"}],"predecessor-version":[{"id":4327,"href":"https:\/\/vohnabrindes.com.br\/index.php\/wp-json\/wp\/v2\/product\/4297\/revisions\/4327"}],"wp:featuredmedia":[{"embeddable":true,"href":"https:\/\/vohnabrindes.com.br\/index.php\/wp-json\/wp\/v2\/media\/1044"}],"wp:attachment":[{"href":"https:\/\/vohnabrindes.com.br\/index.php\/wp-json\/wp\/v2\/media?parent=4297"}],"wp:term":[{"taxonomy":"product_cat","embeddable":true,"href":"https:\/\/vohnabrindes.com.br\/index.php\/wp-json\/wp\/v2\/product_cat?post=4297"},{"taxonomy":"product_tag","embeddable":true,"href":"https:\/\/vohnabrindes.com.br\/index.php\/wp-json\/wp\/v2\/product_tag?post=4297"}],"curies":[{"name":"wp","href":"https:\/\/api.w.org\/{rel}","templated":true}]}}