{"id":4303,"date":"2025-05-30T21:38:42","date_gmt":"2025-05-31T00:38:42","guid":{"rendered":"https:\/\/vohnabrindes.com.br\/?post_type=product&#038;p=4303"},"modified":"2025-05-30T21:38:44","modified_gmt":"2025-05-31T00:38:44","slug":"mochila-termica-personalizada","status":"publish","type":"product","link":"https:\/\/vohnabrindes.com.br\/index.php\/product\/mochila-termica-personalizada\/","title":{"rendered":"Mochila t\u00e9rmica personalizada."},"content":{"rendered":"<div class=\"ref\">98408-JAIPUR.<\/div>\n<div class=\"ref\">Mochila t\u00e9rmica<\/div>\n<div class=\"texto\">Mochila t\u00e9rmica em 600D com capacidade at\u00e9 10 L. Inclui um bolso frontal com z\u00edper e dois bolsos laterais em tela. Certifica\u00e7\u00e3o EU Food Grade. 280 x 340 x 140 mm<\/div>\n","protected":false},"excerpt":{"rendered":"<p>98408-JAIPUR. Mochila t\u00e9rmica Mochila t\u00e9rmica em 600D com capacidade at\u00e9 10 L. Inclui um bolso frontal com z\u00edper e dois bolsos laterais em tela. Certifica\u00e7\u00e3o EU<span class=\"excerpt-hellip\"> [\u2026]<\/span><\/p>\n","protected":false},"featured_media":1056,"comment_status":"open","ping_status":"closed","template":"","meta":[],"product_cat":[145],"product_tag":[364,365],"class_list":["post-4303","product","type-product","status-publish","has-post-thumbnail","hentry","product_cat-bolsas-termicas-e-coolers","product_tag-bolsa-termica","product_tag-mochila-termica-personalizada"],"_links":{"self":[{"href":"https:\/\/vohnabrindes.com.br\/index.php\/wp-json\/wp\/v2\/product\/4303","targetHints":{"allow":["GET"]}}],"collection":[{"href":"https:\/\/vohnabrindes.com.br\/index.php\/wp-json\/wp\/v2\/product"}],"about":[{"href":"https:\/\/vohnabrindes.com.br\/index.php\/wp-json\/wp\/v2\/types\/product"}],"replies":[{"embeddable":true,"href":"https:\/\/vohnabrindes.com.br\/index.php\/wp-json\/wp\/v2\/comments?post=4303"}],"version-history":[{"count":1,"href":"https:\/\/vohnabrindes.com.br\/index.php\/wp-json\/wp\/v2\/product\/4303\/revisions"}],"predecessor-version":[{"id":4333,"href":"https:\/\/vohnabrindes.com.br\/index.php\/wp-json\/wp\/v2\/product\/4303\/revisions\/4333"}],"wp:featuredmedia":[{"embeddable":true,"href":"https:\/\/vohnabrindes.com.br\/index.php\/wp-json\/wp\/v2\/media\/1056"}],"wp:attachment":[{"href":"https:\/\/vohnabrindes.com.br\/index.php\/wp-json\/wp\/v2\/media?parent=4303"}],"wp:term":[{"taxonomy":"product_cat","embeddable":true,"href":"https:\/\/vohnabrindes.com.br\/index.php\/wp-json\/wp\/v2\/product_cat?post=4303"},{"taxonomy":"product_tag","embeddable":true,"href":"https:\/\/vohnabrindes.com.br\/index.php\/wp-json\/wp\/v2\/product_tag?post=4303"}],"curies":[{"name":"wp","href":"https:\/\/api.w.org\/{rel}","templated":true}]}}