{"id":4305,"date":"2025-05-30T21:38:42","date_gmt":"2025-05-31T00:38:42","guid":{"rendered":"https:\/\/vohnabrindes.com.br\/?post_type=product&#038;p=4305"},"modified":"2025-05-30T21:38:44","modified_gmt":"2025-05-31T00:38:44","slug":"bolsa-termica-dobravel-personalizada","status":"publish","type":"product","link":"https:\/\/vohnabrindes.com.br\/index.php\/product\/bolsa-termica-dobravel-personalizada\/","title":{"rendered":"Bolsa t\u00e9rmica dobr\u00e1vel personalizada."},"content":{"rendered":"<div class=\"ref\">98413-OSAKA.<\/div>\n<div class=\"ref\">Bolsa t\u00e9rmica dobr\u00e1vel<\/div>\n<div class=\"texto\">Bolsa t\u00e9rmica dobr\u00e1vel em non-woven (80 g\/m\u00b2) com fecho em velcro e com capacidade at\u00e9 2 L.<\/div>\n<div class=\"texto\">Certifica\u00e7\u00e3o EU Food Grade. Bolsa fornecida desdobrada.<\/div>\n<div class=\"texto\">Dobrada: 170 x 95 x 40 mm | Aberta: 170 x 265 x 110 mm<\/div>\n","protected":false},"excerpt":{"rendered":"<p>98413-OSAKA. Bolsa t\u00e9rmica dobr\u00e1vel Bolsa t\u00e9rmica dobr\u00e1vel em non-woven (80 g\/m\u00b2) com fecho em velcro e com capacidade at\u00e9 2 L. Certifica\u00e7\u00e3o EU Food Grade. Bolsa<span class=\"excerpt-hellip\"> [\u2026]<\/span><\/p>\n","protected":false},"featured_media":1068,"comment_status":"open","ping_status":"closed","template":"","meta":[],"product_cat":[145],"product_tag":[364,367,360],"class_list":["post-4305","product","type-product","status-publish","has-post-thumbnail","hentry","product_cat-bolsas-termicas-e-coolers","product_tag-bolsa-termica","product_tag-bolsa-termica-dobravel-personalizada","product_tag-lancheira-termica"],"_links":{"self":[{"href":"https:\/\/vohnabrindes.com.br\/index.php\/wp-json\/wp\/v2\/product\/4305","targetHints":{"allow":["GET"]}}],"collection":[{"href":"https:\/\/vohnabrindes.com.br\/index.php\/wp-json\/wp\/v2\/product"}],"about":[{"href":"https:\/\/vohnabrindes.com.br\/index.php\/wp-json\/wp\/v2\/types\/product"}],"replies":[{"embeddable":true,"href":"https:\/\/vohnabrindes.com.br\/index.php\/wp-json\/wp\/v2\/comments?post=4305"}],"version-history":[{"count":1,"href":"https:\/\/vohnabrindes.com.br\/index.php\/wp-json\/wp\/v2\/product\/4305\/revisions"}],"predecessor-version":[{"id":4335,"href":"https:\/\/vohnabrindes.com.br\/index.php\/wp-json\/wp\/v2\/product\/4305\/revisions\/4335"}],"wp:featuredmedia":[{"embeddable":true,"href":"https:\/\/vohnabrindes.com.br\/index.php\/wp-json\/wp\/v2\/media\/1068"}],"wp:attachment":[{"href":"https:\/\/vohnabrindes.com.br\/index.php\/wp-json\/wp\/v2\/media?parent=4305"}],"wp:term":[{"taxonomy":"product_cat","embeddable":true,"href":"https:\/\/vohnabrindes.com.br\/index.php\/wp-json\/wp\/v2\/product_cat?post=4305"},{"taxonomy":"product_tag","embeddable":true,"href":"https:\/\/vohnabrindes.com.br\/index.php\/wp-json\/wp\/v2\/product_tag?post=4305"}],"curies":[{"name":"wp","href":"https:\/\/api.w.org\/{rel}","templated":true}]}}