{"id":4307,"date":"2025-05-30T21:38:42","date_gmt":"2025-05-31T00:38:42","guid":{"rendered":"https:\/\/vohnabrindes.com.br\/?post_type=product&#038;p=4307"},"modified":"2025-05-30T21:38:44","modified_gmt":"2025-05-31T00:38:44","slug":"bolsa-termica-personalizada-4","status":"publish","type":"product","link":"https:\/\/vohnabrindes.com.br\/index.php\/product\/bolsa-termica-personalizada-4\/","title":{"rendered":"Bolsa t\u00e9rmica personalizada."},"content":{"rendered":"<div class=\"ref\">98415-MELVILLE.<\/div>\n<div class=\"ref\">Bolsa t\u00e9rmica<\/div>\n<div class=\"texto\">Bolsa t\u00e9rmica em 600D com ziper duplo, al\u00e7a ajust\u00e1vel em webbing e bolso frontal.<\/div>\n<div class=\"texto\">A bolsa tem capacidade at\u00e9 12 L. Certifica\u00e7\u00e3o EU Food Grade.<\/div>\n<div class=\"texto\">dimens\u00f5es: 290 x 340 x 190 mm<\/div>\n","protected":false},"excerpt":{"rendered":"<p>98415-MELVILLE. Bolsa t\u00e9rmica Bolsa t\u00e9rmica em 600D com ziper duplo, al\u00e7a ajust\u00e1vel em webbing e bolso frontal. A bolsa tem capacidade at\u00e9 12 L. Certifica\u00e7\u00e3o EU<span class=\"excerpt-hellip\"> [\u2026]<\/span><\/p>\n","protected":false},"featured_media":1072,"comment_status":"open","ping_status":"closed","template":"","meta":[],"product_cat":[145],"product_tag":[358],"class_list":["post-4307","product","type-product","status-publish","has-post-thumbnail","hentry","product_cat-bolsas-termicas-e-coolers","product_tag-bolsa-termica-personalizada"],"_links":{"self":[{"href":"https:\/\/vohnabrindes.com.br\/index.php\/wp-json\/wp\/v2\/product\/4307","targetHints":{"allow":["GET"]}}],"collection":[{"href":"https:\/\/vohnabrindes.com.br\/index.php\/wp-json\/wp\/v2\/product"}],"about":[{"href":"https:\/\/vohnabrindes.com.br\/index.php\/wp-json\/wp\/v2\/types\/product"}],"replies":[{"embeddable":true,"href":"https:\/\/vohnabrindes.com.br\/index.php\/wp-json\/wp\/v2\/comments?post=4307"}],"version-history":[{"count":1,"href":"https:\/\/vohnabrindes.com.br\/index.php\/wp-json\/wp\/v2\/product\/4307\/revisions"}],"predecessor-version":[{"id":4337,"href":"https:\/\/vohnabrindes.com.br\/index.php\/wp-json\/wp\/v2\/product\/4307\/revisions\/4337"}],"wp:featuredmedia":[{"embeddable":true,"href":"https:\/\/vohnabrindes.com.br\/index.php\/wp-json\/wp\/v2\/media\/1072"}],"wp:attachment":[{"href":"https:\/\/vohnabrindes.com.br\/index.php\/wp-json\/wp\/v2\/media?parent=4307"}],"wp:term":[{"taxonomy":"product_cat","embeddable":true,"href":"https:\/\/vohnabrindes.com.br\/index.php\/wp-json\/wp\/v2\/product_cat?post=4307"},{"taxonomy":"product_tag","embeddable":true,"href":"https:\/\/vohnabrindes.com.br\/index.php\/wp-json\/wp\/v2\/product_tag?post=4307"}],"curies":[{"name":"wp","href":"https:\/\/api.w.org\/{rel}","templated":true}]}}