{"id":4310,"date":"2025-05-30T21:38:42","date_gmt":"2025-05-31T00:38:42","guid":{"rendered":"https:\/\/vohnabrindes.com.br\/?post_type=product&#038;p=4310"},"modified":"2025-05-30T21:38:44","modified_gmt":"2025-05-31T00:38:44","slug":"bolsa-termica-personalizada-5","status":"publish","type":"product","link":"https:\/\/vohnabrindes.com.br\/index.php\/product\/bolsa-termica-personalizada-5\/","title":{"rendered":"Bolsa t\u00e9rmica personalizada."},"content":{"rendered":"<div class=\"ref\">98428-YORK.<\/div>\n<div class=\"ref\"><\/div>\n<div><\/div>\n<div class=\"texto\">Bolsa t\u00e9rmica at\u00e9 4 L em papel com forro em non-woven e interior com isolamento t\u00e9rmico em alum\u00ednio.<\/div>\n<div class=\"texto\">Fecho com velcro e bolso frontal.<\/div>\n<div class=\"texto\">Fechado: 195 x 350 x 110 mm | Aberto: 195 x 410 x 110 mm<\/div>\n","protected":false},"excerpt":{"rendered":"<p>98428-YORK. Bolsa t\u00e9rmica at\u00e9 4 L em papel com forro em non-woven e interior com isolamento t\u00e9rmico em alum\u00ednio. Fecho com velcro e bolso frontal. Fechado:<span class=\"excerpt-hellip\"> [\u2026]<\/span><\/p>\n","protected":false},"featured_media":1078,"comment_status":"open","ping_status":"closed","template":"","meta":[],"product_cat":[145],"product_tag":[358,360],"class_list":["post-4310","product","type-product","status-publish","has-post-thumbnail","hentry","product_cat-bolsas-termicas-e-coolers","product_tag-bolsa-termica-personalizada","product_tag-lancheira-termica"],"_links":{"self":[{"href":"https:\/\/vohnabrindes.com.br\/index.php\/wp-json\/wp\/v2\/product\/4310","targetHints":{"allow":["GET"]}}],"collection":[{"href":"https:\/\/vohnabrindes.com.br\/index.php\/wp-json\/wp\/v2\/product"}],"about":[{"href":"https:\/\/vohnabrindes.com.br\/index.php\/wp-json\/wp\/v2\/types\/product"}],"replies":[{"embeddable":true,"href":"https:\/\/vohnabrindes.com.br\/index.php\/wp-json\/wp\/v2\/comments?post=4310"}],"version-history":[{"count":1,"href":"https:\/\/vohnabrindes.com.br\/index.php\/wp-json\/wp\/v2\/product\/4310\/revisions"}],"predecessor-version":[{"id":4340,"href":"https:\/\/vohnabrindes.com.br\/index.php\/wp-json\/wp\/v2\/product\/4310\/revisions\/4340"}],"wp:featuredmedia":[{"embeddable":true,"href":"https:\/\/vohnabrindes.com.br\/index.php\/wp-json\/wp\/v2\/media\/1078"}],"wp:attachment":[{"href":"https:\/\/vohnabrindes.com.br\/index.php\/wp-json\/wp\/v2\/media?parent=4310"}],"wp:term":[{"taxonomy":"product_cat","embeddable":true,"href":"https:\/\/vohnabrindes.com.br\/index.php\/wp-json\/wp\/v2\/product_cat?post=4310"},{"taxonomy":"product_tag","embeddable":true,"href":"https:\/\/vohnabrindes.com.br\/index.php\/wp-json\/wp\/v2\/product_tag?post=4310"}],"curies":[{"name":"wp","href":"https:\/\/api.w.org\/{rel}","templated":true}]}}