{"id":4342,"date":"2025-05-30T21:38:46","date_gmt":"2025-05-31T00:38:46","guid":{"rendered":"https:\/\/vohnabrindes.com.br\/?post_type=product&#038;p=4342"},"modified":"2025-05-30T21:38:47","modified_gmt":"2025-05-31T00:38:47","slug":"bolsa-termica-personalizada-6","status":"publish","type":"product","link":"https:\/\/vohnabrindes.com.br\/index.php\/product\/bolsa-termica-personalizada-6\/","title":{"rendered":"Bolsa t\u00e9rmica personalizada."},"content":{"rendered":"<div class=\"ref\">98418-SINGAPORE.<\/div>\n<div><\/div>\n<div class=\"ref\"><\/div>\n<div class=\"texto\">Bolsa t\u00e9rmica em 600D com al\u00e7a ajust\u00e1vel em webbing, bolso frontal e capacidade at\u00e9 9 L.<\/div>\n<div class=\"texto\">Certifica\u00e7\u00e3o EU Food Grade.<\/div>\n<div class=\"texto\">dimens\u00f5es: 240 x 220 x 170 mm<\/div>\n","protected":false},"excerpt":{"rendered":"<p>98418-SINGAPORE. Bolsa t\u00e9rmica em 600D com al\u00e7a ajust\u00e1vel em webbing, bolso frontal e capacidade at\u00e9 9 L. Certifica\u00e7\u00e3o EU Food Grade. dimens\u00f5es: 240 x 220 x<span class=\"excerpt-hellip\"> [\u2026]<\/span><\/p>\n","protected":false},"featured_media":1090,"comment_status":"open","ping_status":"closed","template":"","meta":[],"product_cat":[145],"product_tag":[364],"class_list":["post-4342","product","type-product","status-publish","has-post-thumbnail","hentry","product_cat-bolsas-termicas-e-coolers","product_tag-bolsa-termica"],"_links":{"self":[{"href":"https:\/\/vohnabrindes.com.br\/index.php\/wp-json\/wp\/v2\/product\/4342","targetHints":{"allow":["GET"]}}],"collection":[{"href":"https:\/\/vohnabrindes.com.br\/index.php\/wp-json\/wp\/v2\/product"}],"about":[{"href":"https:\/\/vohnabrindes.com.br\/index.php\/wp-json\/wp\/v2\/types\/product"}],"replies":[{"embeddable":true,"href":"https:\/\/vohnabrindes.com.br\/index.php\/wp-json\/wp\/v2\/comments?post=4342"}],"version-history":[{"count":1,"href":"https:\/\/vohnabrindes.com.br\/index.php\/wp-json\/wp\/v2\/product\/4342\/revisions"}],"predecessor-version":[{"id":4372,"href":"https:\/\/vohnabrindes.com.br\/index.php\/wp-json\/wp\/v2\/product\/4342\/revisions\/4372"}],"wp:featuredmedia":[{"embeddable":true,"href":"https:\/\/vohnabrindes.com.br\/index.php\/wp-json\/wp\/v2\/media\/1090"}],"wp:attachment":[{"href":"https:\/\/vohnabrindes.com.br\/index.php\/wp-json\/wp\/v2\/media?parent=4342"}],"wp:term":[{"taxonomy":"product_cat","embeddable":true,"href":"https:\/\/vohnabrindes.com.br\/index.php\/wp-json\/wp\/v2\/product_cat?post=4342"},{"taxonomy":"product_tag","embeddable":true,"href":"https:\/\/vohnabrindes.com.br\/index.php\/wp-json\/wp\/v2\/product_tag?post=4342"}],"curies":[{"name":"wp","href":"https:\/\/api.w.org\/{rel}","templated":true}]}}