{"id":4343,"date":"2025-05-30T21:38:46","date_gmt":"2025-05-31T00:38:46","guid":{"rendered":"https:\/\/vohnabrindes.com.br\/?post_type=product&#038;p=4343"},"modified":"2025-05-30T21:38:47","modified_gmt":"2025-05-31T00:38:47","slug":"bolsa-termica-infantil-personalizada","status":"publish","type":"product","link":"https:\/\/vohnabrindes.com.br\/index.php\/product\/bolsa-termica-infantil-personalizada\/","title":{"rendered":"Bolsa t\u00e9rmica infantil personalizada."},"content":{"rendered":"<div class=\"ref\">98416- SEBASTIAN.<\/div>\n<div class=\"ref\"><\/div>\n<div><\/div>\n<div class=\"texto\">Bolsa t\u00e9rmica para crian\u00e7a em 600D com bolso frontal, fechamento em ziper e bolso lateral em rede. Cont\u00e9m al\u00e7a ajust\u00e1vel em webbing e tem capacidade at\u00e9 3 L.<\/div>\n<div class=\"texto\">Certifica\u00e7\u00e3o EU Food Grade 190 x 230 x 80 mm<\/div>\n","protected":false},"excerpt":{"rendered":"<p>98416- SEBASTIAN. Bolsa t\u00e9rmica para crian\u00e7a em 600D com bolso frontal, fechamento em ziper e bolso lateral em rede. Cont\u00e9m al\u00e7a ajust\u00e1vel em webbing e tem<span class=\"excerpt-hellip\"> [\u2026]<\/span><\/p>\n","protected":false},"featured_media":1092,"comment_status":"open","ping_status":"closed","template":"","meta":[],"product_cat":[145],"product_tag":[364,369],"class_list":["post-4343","product","type-product","status-publish","has-post-thumbnail","hentry","product_cat-bolsas-termicas-e-coolers","product_tag-bolsa-termica","product_tag-bolsa-termica-infantil-personalizada"],"_links":{"self":[{"href":"https:\/\/vohnabrindes.com.br\/index.php\/wp-json\/wp\/v2\/product\/4343","targetHints":{"allow":["GET"]}}],"collection":[{"href":"https:\/\/vohnabrindes.com.br\/index.php\/wp-json\/wp\/v2\/product"}],"about":[{"href":"https:\/\/vohnabrindes.com.br\/index.php\/wp-json\/wp\/v2\/types\/product"}],"replies":[{"embeddable":true,"href":"https:\/\/vohnabrindes.com.br\/index.php\/wp-json\/wp\/v2\/comments?post=4343"}],"version-history":[{"count":1,"href":"https:\/\/vohnabrindes.com.br\/index.php\/wp-json\/wp\/v2\/product\/4343\/revisions"}],"predecessor-version":[{"id":4373,"href":"https:\/\/vohnabrindes.com.br\/index.php\/wp-json\/wp\/v2\/product\/4343\/revisions\/4373"}],"wp:featuredmedia":[{"embeddable":true,"href":"https:\/\/vohnabrindes.com.br\/index.php\/wp-json\/wp\/v2\/media\/1092"}],"wp:attachment":[{"href":"https:\/\/vohnabrindes.com.br\/index.php\/wp-json\/wp\/v2\/media?parent=4343"}],"wp:term":[{"taxonomy":"product_cat","embeddable":true,"href":"https:\/\/vohnabrindes.com.br\/index.php\/wp-json\/wp\/v2\/product_cat?post=4343"},{"taxonomy":"product_tag","embeddable":true,"href":"https:\/\/vohnabrindes.com.br\/index.php\/wp-json\/wp\/v2\/product_tag?post=4343"}],"curies":[{"name":"wp","href":"https:\/\/api.w.org\/{rel}","templated":true}]}}