{"id":4344,"date":"2025-05-30T21:38:46","date_gmt":"2025-05-31T00:38:46","guid":{"rendered":"https:\/\/vohnabrindes.com.br\/?post_type=product&#038;p=4344"},"modified":"2025-05-30T21:38:47","modified_gmt":"2025-05-31T00:38:47","slug":"bolsa-termica-personalizada-7","status":"publish","type":"product","link":"https:\/\/vohnabrindes.com.br\/index.php\/product\/bolsa-termica-personalizada-7\/","title":{"rendered":"Bolsa t\u00e9rmica personalizada."},"content":{"rendered":"<div class=\"ref\">98411-MEDAN.<\/div>\n<div class=\"ref\"><\/div>\n<div class=\"texto\">Bolsa t\u00e9rmica em 600D com capacidade at\u00e9 4 L.<\/div>\n<div class=\"texto\">Certifica\u00e7\u00e3o EU Food Grade.<\/div>\n<div class=\"texto\">dimens\u00f5es: 150 x 190 x 150 mm<\/div>\n","protected":false},"excerpt":{"rendered":"<p>98411-MEDAN. Bolsa t\u00e9rmica em 600D com capacidade at\u00e9 4 L. Certifica\u00e7\u00e3o EU Food Grade. dimens\u00f5es: 150 x 190 x 150 mm<\/p>\n","protected":false},"featured_media":1094,"comment_status":"open","ping_status":"closed","template":"","meta":[],"product_cat":[145],"product_tag":[358],"class_list":["post-4344","product","type-product","status-publish","has-post-thumbnail","hentry","product_cat-bolsas-termicas-e-coolers","product_tag-bolsa-termica-personalizada"],"_links":{"self":[{"href":"https:\/\/vohnabrindes.com.br\/index.php\/wp-json\/wp\/v2\/product\/4344","targetHints":{"allow":["GET"]}}],"collection":[{"href":"https:\/\/vohnabrindes.com.br\/index.php\/wp-json\/wp\/v2\/product"}],"about":[{"href":"https:\/\/vohnabrindes.com.br\/index.php\/wp-json\/wp\/v2\/types\/product"}],"replies":[{"embeddable":true,"href":"https:\/\/vohnabrindes.com.br\/index.php\/wp-json\/wp\/v2\/comments?post=4344"}],"version-history":[{"count":1,"href":"https:\/\/vohnabrindes.com.br\/index.php\/wp-json\/wp\/v2\/product\/4344\/revisions"}],"predecessor-version":[{"id":4374,"href":"https:\/\/vohnabrindes.com.br\/index.php\/wp-json\/wp\/v2\/product\/4344\/revisions\/4374"}],"wp:featuredmedia":[{"embeddable":true,"href":"https:\/\/vohnabrindes.com.br\/index.php\/wp-json\/wp\/v2\/media\/1094"}],"wp:attachment":[{"href":"https:\/\/vohnabrindes.com.br\/index.php\/wp-json\/wp\/v2\/media?parent=4344"}],"wp:term":[{"taxonomy":"product_cat","embeddable":true,"href":"https:\/\/vohnabrindes.com.br\/index.php\/wp-json\/wp\/v2\/product_cat?post=4344"},{"taxonomy":"product_tag","embeddable":true,"href":"https:\/\/vohnabrindes.com.br\/index.php\/wp-json\/wp\/v2\/product_tag?post=4344"}],"curies":[{"name":"wp","href":"https:\/\/api.w.org\/{rel}","templated":true}]}}