{"id":4352,"date":"2025-05-30T21:38:46","date_gmt":"2025-05-31T00:38:46","guid":{"rendered":"https:\/\/vohnabrindes.com.br\/?post_type=product&#038;p=4352"},"modified":"2025-05-30T21:38:48","modified_gmt":"2025-05-31T00:38:48","slug":"caixa-de-som-portatil-com-microfone-personalizada","status":"publish","type":"product","link":"https:\/\/vohnabrindes.com.br\/index.php\/product\/caixa-de-som-portatil-com-microfone-personalizada\/","title":{"rendered":"Caixa de som port\u00e1til com microfone personalizada."},"content":{"rendered":"<div class=\"ref\">97125-ARBER.<\/div>\n<div class=\"ref\">Caixa de som port\u00e1til com microfone<\/div>\n<div class=\"texto\">Caixa de som em bambu e ABS. Possui transmiss\u00e3o sem fios BT v5.0 para se conectar ao seu dispositivo m\u00f3vel. Tem bateria com pot\u00eancia de 3W e capacidade at\u00e9 300 mAh que permite autonomia aproximada de 2 horas. Fornecido em caixa presente de papel kraft. \u00d874 x 42 mm<\/div>\n","protected":false},"excerpt":{"rendered":"<p>97125-ARBER. Caixa de som port\u00e1til com microfone Caixa de som em bambu e ABS. Possui transmiss\u00e3o sem fios BT v5.0 para se conectar ao seu dispositivo<span class=\"excerpt-hellip\"> [\u2026]<\/span><\/p>\n","protected":false},"featured_media":1118,"comment_status":"open","ping_status":"closed","template":"","meta":[],"product_cat":[377,152],"product_tag":[378,379],"class_list":["post-4352","product","type-product","status-publish","has-post-thumbnail","hentry","product_cat-informatica-som-e-tecnologia","product_cat-lancamentos","product_tag-caixa-de-som-personalizada","product_tag-caixa-de-som-portatil-com-microfone-personalizada"],"_links":{"self":[{"href":"https:\/\/vohnabrindes.com.br\/index.php\/wp-json\/wp\/v2\/product\/4352","targetHints":{"allow":["GET"]}}],"collection":[{"href":"https:\/\/vohnabrindes.com.br\/index.php\/wp-json\/wp\/v2\/product"}],"about":[{"href":"https:\/\/vohnabrindes.com.br\/index.php\/wp-json\/wp\/v2\/types\/product"}],"replies":[{"embeddable":true,"href":"https:\/\/vohnabrindes.com.br\/index.php\/wp-json\/wp\/v2\/comments?post=4352"}],"version-history":[{"count":1,"href":"https:\/\/vohnabrindes.com.br\/index.php\/wp-json\/wp\/v2\/product\/4352\/revisions"}],"predecessor-version":[{"id":4382,"href":"https:\/\/vohnabrindes.com.br\/index.php\/wp-json\/wp\/v2\/product\/4352\/revisions\/4382"}],"wp:featuredmedia":[{"embeddable":true,"href":"https:\/\/vohnabrindes.com.br\/index.php\/wp-json\/wp\/v2\/media\/1118"}],"wp:attachment":[{"href":"https:\/\/vohnabrindes.com.br\/index.php\/wp-json\/wp\/v2\/media?parent=4352"}],"wp:term":[{"taxonomy":"product_cat","embeddable":true,"href":"https:\/\/vohnabrindes.com.br\/index.php\/wp-json\/wp\/v2\/product_cat?post=4352"},{"taxonomy":"product_tag","embeddable":true,"href":"https:\/\/vohnabrindes.com.br\/index.php\/wp-json\/wp\/v2\/product_tag?post=4352"}],"curies":[{"name":"wp","href":"https:\/\/api.w.org\/{rel}","templated":true}]}}