{"id":4355,"date":"2025-05-30T21:38:46","date_gmt":"2025-05-31T00:38:46","guid":{"rendered":"https:\/\/vohnabrindes.com.br\/?post_type=product&#038;p=4355"},"modified":"2025-05-30T21:38:50","modified_gmt":"2025-05-31T00:38:50","slug":"caixa-de-som-com-microfone-personalizada-2","status":"publish","type":"product","link":"https:\/\/vohnabrindes.com.br\/index.php\/product\/caixa-de-som-com-microfone-personalizada-2\/","title":{"rendered":"Caixa de som com microfone personalizada."},"content":{"rendered":"<div class=\"ref\">97397-HARRIS.<\/div>\n<div class=\"ref\">Caixa de som com microfone<\/div>\n<div class=\"texto\">Caixa de som com microfone em ABS, tecido em poli\u00e9ster e acabamento emborrachado. transmiss\u00e3o sem fios BT v4.2, liga\u00e7\u00e3o stereo 3,5 mm e leitor de cart\u00f5es TF. Com 2 x 3W\/4\u03a9 e autonomia aproximada de 3 h. Fun\u00e7\u00e3o para atender chamadas, controle de volume, conex\u00e3o \u00e0 playlist do dispositivo m\u00f3vel e r\u00e1dio FM. Incluso cabo USB para carregar. Fornecida em caixa presente. 155 x 230 x 55 mm | Caixa: 170 x 260 x 70 mm<\/div>\n","protected":false},"excerpt":{"rendered":"<p>97397-HARRIS. Caixa de som com microfone Caixa de som com microfone em ABS, tecido em poli\u00e9ster e acabamento emborrachado. transmiss\u00e3o sem fios BT v4.2, liga\u00e7\u00e3o stereo<span class=\"excerpt-hellip\"> [\u2026]<\/span><\/p>\n","protected":false},"featured_media":1124,"comment_status":"open","ping_status":"closed","template":"","meta":[],"product_cat":[377],"product_tag":[380],"class_list":["post-4355","product","type-product","status-publish","has-post-thumbnail","hentry","product_cat-informatica-som-e-tecnologia","product_tag-caixa-de-som-com-microfone-personalizada"],"_links":{"self":[{"href":"https:\/\/vohnabrindes.com.br\/index.php\/wp-json\/wp\/v2\/product\/4355","targetHints":{"allow":["GET"]}}],"collection":[{"href":"https:\/\/vohnabrindes.com.br\/index.php\/wp-json\/wp\/v2\/product"}],"about":[{"href":"https:\/\/vohnabrindes.com.br\/index.php\/wp-json\/wp\/v2\/types\/product"}],"replies":[{"embeddable":true,"href":"https:\/\/vohnabrindes.com.br\/index.php\/wp-json\/wp\/v2\/comments?post=4355"}],"version-history":[{"count":1,"href":"https:\/\/vohnabrindes.com.br\/index.php\/wp-json\/wp\/v2\/product\/4355\/revisions"}],"predecessor-version":[{"id":4386,"href":"https:\/\/vohnabrindes.com.br\/index.php\/wp-json\/wp\/v2\/product\/4355\/revisions\/4386"}],"wp:featuredmedia":[{"embeddable":true,"href":"https:\/\/vohnabrindes.com.br\/index.php\/wp-json\/wp\/v2\/media\/1124"}],"wp:attachment":[{"href":"https:\/\/vohnabrindes.com.br\/index.php\/wp-json\/wp\/v2\/media?parent=4355"}],"wp:term":[{"taxonomy":"product_cat","embeddable":true,"href":"https:\/\/vohnabrindes.com.br\/index.php\/wp-json\/wp\/v2\/product_cat?post=4355"},{"taxonomy":"product_tag","embeddable":true,"href":"https:\/\/vohnabrindes.com.br\/index.php\/wp-json\/wp\/v2\/product_tag?post=4355"}],"curies":[{"name":"wp","href":"https:\/\/api.w.org\/{rel}","templated":true}]}}