{"id":4357,"date":"2025-05-30T21:38:47","date_gmt":"2025-05-31T00:38:47","guid":{"rendered":"https:\/\/vohnabrindes.com.br\/?post_type=product&#038;p=4357"},"modified":"2025-05-30T21:38:50","modified_gmt":"2025-05-31T00:38:50","slug":"caixa-de-som-com-microfone-personalizada-3","status":"publish","type":"product","link":"https:\/\/vohnabrindes.com.br\/index.php\/product\/caixa-de-som-com-microfone-personalizada-3\/","title":{"rendered":"Caixa de som com microfone personalizada."},"content":{"rendered":"<div class=\"ref\">57385-ECCLUS.<\/div>\n<div class=\"ref\">Caixa de som com microfone<\/div>\n<div class=\"texto\">Caixa de som com microfone em ABS e tecido em poli\u00e9ster. Com gancho e acabamento emborrachado. transmiss\u00e3o sem fios BT v4.2, pot\u00eancia de 3W\/4\u03a9 e autonomia aproximada de 3 h. Fun\u00e7\u00e3o para atender chamadas, controle de volume e conex\u00e3o \u00e0 playlist do dispositivo m\u00f3vel. Incluso cabo para carregamento. Fornecida em caixa presente. \u00f890 x 40 mm | Caixa: 115 x 95 x 45 mm<\/div>\n","protected":false},"excerpt":{"rendered":"<p>57385-ECCLUS. Caixa de som com microfone Caixa de som com microfone em ABS e tecido em poli\u00e9ster. Com gancho e acabamento emborrachado. transmiss\u00e3o sem fios BT<span class=\"excerpt-hellip\"> [\u2026]<\/span><\/p>\n","protected":false},"featured_media":1128,"comment_status":"open","ping_status":"closed","template":"","meta":[],"product_cat":[377],"product_tag":[380,378],"class_list":["post-4357","product","type-product","status-publish","has-post-thumbnail","hentry","product_cat-informatica-som-e-tecnologia","product_tag-caixa-de-som-com-microfone-personalizada","product_tag-caixa-de-som-personalizada"],"_links":{"self":[{"href":"https:\/\/vohnabrindes.com.br\/index.php\/wp-json\/wp\/v2\/product\/4357","targetHints":{"allow":["GET"]}}],"collection":[{"href":"https:\/\/vohnabrindes.com.br\/index.php\/wp-json\/wp\/v2\/product"}],"about":[{"href":"https:\/\/vohnabrindes.com.br\/index.php\/wp-json\/wp\/v2\/types\/product"}],"replies":[{"embeddable":true,"href":"https:\/\/vohnabrindes.com.br\/index.php\/wp-json\/wp\/v2\/comments?post=4357"}],"version-history":[{"count":1,"href":"https:\/\/vohnabrindes.com.br\/index.php\/wp-json\/wp\/v2\/product\/4357\/revisions"}],"predecessor-version":[{"id":4388,"href":"https:\/\/vohnabrindes.com.br\/index.php\/wp-json\/wp\/v2\/product\/4357\/revisions\/4388"}],"wp:featuredmedia":[{"embeddable":true,"href":"https:\/\/vohnabrindes.com.br\/index.php\/wp-json\/wp\/v2\/media\/1128"}],"wp:attachment":[{"href":"https:\/\/vohnabrindes.com.br\/index.php\/wp-json\/wp\/v2\/media?parent=4357"}],"wp:term":[{"taxonomy":"product_cat","embeddable":true,"href":"https:\/\/vohnabrindes.com.br\/index.php\/wp-json\/wp\/v2\/product_cat?post=4357"},{"taxonomy":"product_tag","embeddable":true,"href":"https:\/\/vohnabrindes.com.br\/index.php\/wp-json\/wp\/v2\/product_tag?post=4357"}],"curies":[{"name":"wp","href":"https:\/\/api.w.org\/{rel}","templated":true}]}}