{"id":4358,"date":"2025-05-30T21:38:47","date_gmt":"2025-05-31T00:38:47","guid":{"rendered":"https:\/\/vohnabrindes.com.br\/?post_type=product&#038;p=4358"},"modified":"2025-05-30T21:38:50","modified_gmt":"2025-05-31T00:38:50","slug":"caneta-em-bambu-ecologicamente-correta-personalizada","status":"publish","type":"product","link":"https:\/\/vohnabrindes.com.br\/index.php\/product\/caneta-em-bambu-ecologicamente-correta-personalizada\/","title":{"rendered":"Caneta em bambu ecologicamente correta personalizada."},"content":{"rendered":"<div class=\"ref\">81153-PATI.<\/div>\n<div><\/div>\n<div>Caneta Esferogr\u00e1fica em bambu com antideslizante, clipe e ponteira de pl\u00e1stico.<\/div>\n<div>\u00f811 x 142 mm<\/div>\n","protected":false},"excerpt":{"rendered":"<p>81153-PATI. Caneta Esferogr\u00e1fica em bambu com antideslizante, clipe e ponteira de pl\u00e1stico. \u00f811 x 142 mm<\/p>\n","protected":false},"featured_media":1130,"comment_status":"open","ping_status":"closed","template":"","meta":[],"product_cat":[219,383,126],"product_tag":[384,385],"class_list":["post-4358","product","type-product","status-publish","has-post-thumbnail","hentry","product_cat-canetas","product_cat-canetas-eco","product_cat-linha-ecologica","product_tag-caneta-bambu","product_tag-caneta-em-bambu-ecologicamente-correta-personalizada"],"_links":{"self":[{"href":"https:\/\/vohnabrindes.com.br\/index.php\/wp-json\/wp\/v2\/product\/4358","targetHints":{"allow":["GET"]}}],"collection":[{"href":"https:\/\/vohnabrindes.com.br\/index.php\/wp-json\/wp\/v2\/product"}],"about":[{"href":"https:\/\/vohnabrindes.com.br\/index.php\/wp-json\/wp\/v2\/types\/product"}],"replies":[{"embeddable":true,"href":"https:\/\/vohnabrindes.com.br\/index.php\/wp-json\/wp\/v2\/comments?post=4358"}],"version-history":[{"count":1,"href":"https:\/\/vohnabrindes.com.br\/index.php\/wp-json\/wp\/v2\/product\/4358\/revisions"}],"predecessor-version":[{"id":4389,"href":"https:\/\/vohnabrindes.com.br\/index.php\/wp-json\/wp\/v2\/product\/4358\/revisions\/4389"}],"wp:featuredmedia":[{"embeddable":true,"href":"https:\/\/vohnabrindes.com.br\/index.php\/wp-json\/wp\/v2\/media\/1130"}],"wp:attachment":[{"href":"https:\/\/vohnabrindes.com.br\/index.php\/wp-json\/wp\/v2\/media?parent=4358"}],"wp:term":[{"taxonomy":"product_cat","embeddable":true,"href":"https:\/\/vohnabrindes.com.br\/index.php\/wp-json\/wp\/v2\/product_cat?post=4358"},{"taxonomy":"product_tag","embeddable":true,"href":"https:\/\/vohnabrindes.com.br\/index.php\/wp-json\/wp\/v2\/product_tag?post=4358"}],"curies":[{"name":"wp","href":"https:\/\/api.w.org\/{rel}","templated":true}]}}