{"id":4359,"date":"2025-05-30T21:38:47","date_gmt":"2025-05-31T00:38:47","guid":{"rendered":"https:\/\/vohnabrindes.com.br\/?post_type=product&#038;p=4359"},"modified":"2025-05-30T21:38:50","modified_gmt":"2025-05-31T00:38:50","slug":"caneta-esferografica-em-cortica-e-fibra-de-palha-de-trigo-ecologicamente-correta-personalizada","status":"publish","type":"product","link":"https:\/\/vohnabrindes.com.br\/index.php\/product\/caneta-esferografica-em-cortica-e-fibra-de-palha-de-trigo-ecologicamente-correta-personalizada\/","title":{"rendered":"Caneta Esferogr\u00e1fica em corti\u00e7a e Fibra de palha de trigo, ecologicamente correta personalizada."},"content":{"rendered":"<div class=\"ref\">91795-GOYA.<\/div>\n<div class=\"ref\">Caneta Esferogr\u00e1fica em corti\u00e7a e Fibra de palha de trigo, ecologicamente correta personalizada.<\/div>\n<div class=\"texto\">Esferogr\u00e1fica em corti\u00e7a com clipe e elementos coloridos em fibra de trigo e PP.<\/div>\n<div class=\"texto\">Escrita a azul. \u00f811 x 140 mm<\/div>\n","protected":false},"excerpt":{"rendered":"<p>91795-GOYA. Caneta Esferogr\u00e1fica em corti\u00e7a e Fibra de palha de trigo, ecologicamente correta personalizada. Esferogr\u00e1fica em corti\u00e7a com clipe e elementos coloridos em fibra de trigo<span class=\"excerpt-hellip\"> [\u2026]<\/span><\/p>\n","protected":false},"featured_media":1141,"comment_status":"open","ping_status":"closed","template":"","meta":[],"product_cat":[219,383,126],"product_tag":[386,387,221,388],"class_list":["post-4359","product","type-product","status-publish","has-post-thumbnail","hentry","product_cat-canetas","product_cat-canetas-eco","product_cat-linha-ecologica","product_tag-caneta-ecologica","product_tag-caneta-esferografica-em-cortica-e-fibra-de-palha-de-trigo","product_tag-caneta-personalizada","product_tag-ecologicamente-correta-personalizada"],"_links":{"self":[{"href":"https:\/\/vohnabrindes.com.br\/index.php\/wp-json\/wp\/v2\/product\/4359","targetHints":{"allow":["GET"]}}],"collection":[{"href":"https:\/\/vohnabrindes.com.br\/index.php\/wp-json\/wp\/v2\/product"}],"about":[{"href":"https:\/\/vohnabrindes.com.br\/index.php\/wp-json\/wp\/v2\/types\/product"}],"replies":[{"embeddable":true,"href":"https:\/\/vohnabrindes.com.br\/index.php\/wp-json\/wp\/v2\/comments?post=4359"}],"version-history":[{"count":1,"href":"https:\/\/vohnabrindes.com.br\/index.php\/wp-json\/wp\/v2\/product\/4359\/revisions"}],"predecessor-version":[{"id":4390,"href":"https:\/\/vohnabrindes.com.br\/index.php\/wp-json\/wp\/v2\/product\/4359\/revisions\/4390"}],"wp:featuredmedia":[{"embeddable":true,"href":"https:\/\/vohnabrindes.com.br\/index.php\/wp-json\/wp\/v2\/media\/1141"}],"wp:attachment":[{"href":"https:\/\/vohnabrindes.com.br\/index.php\/wp-json\/wp\/v2\/media?parent=4359"}],"wp:term":[{"taxonomy":"product_cat","embeddable":true,"href":"https:\/\/vohnabrindes.com.br\/index.php\/wp-json\/wp\/v2\/product_cat?post=4359"},{"taxonomy":"product_tag","embeddable":true,"href":"https:\/\/vohnabrindes.com.br\/index.php\/wp-json\/wp\/v2\/product_tag?post=4359"}],"curies":[{"name":"wp","href":"https:\/\/api.w.org\/{rel}","templated":true}]}}