{"id":4360,"date":"2025-05-30T21:38:47","date_gmt":"2025-05-31T00:38:47","guid":{"rendered":"https:\/\/vohnabrindes.com.br\/?post_type=product&#038;p=4360"},"modified":"2025-05-30T21:38:50","modified_gmt":"2025-05-31T00:38:50","slug":"caneta-ecologicamente-correta-personalizada","status":"publish","type":"product","link":"https:\/\/vohnabrindes.com.br\/index.php\/product\/caneta-ecologicamente-correta-personalizada\/","title":{"rendered":"Caneta ecologicamente correta personalizada."},"content":{"rendered":"<div class=\"ref\">91290- RECICLA.<\/div>\n<div><\/div>\n<div>Caneta Esferogr\u00e1fica com tampa em papel kraft e interior em papel de jornal reciclado.<\/div>\n<div>Esferogr\u00e1fica amiga do ambiente.<\/div>\n<div>\u00f86 x 145 mm<\/div>\n","protected":false},"excerpt":{"rendered":"<p>91290- RECICLA. Caneta Esferogr\u00e1fica com tampa em papel kraft e interior em papel de jornal reciclado. Esferogr\u00e1fica amiga do ambiente. \u00f86 x 145 mm<\/p>\n","protected":false},"featured_media":1143,"comment_status":"open","ping_status":"closed","template":"","meta":[],"product_cat":[219,383],"product_tag":[386,389],"class_list":["post-4360","product","type-product","status-publish","has-post-thumbnail","hentry","product_cat-canetas","product_cat-canetas-eco","product_tag-caneta-ecologica","product_tag-caneta-ecologicamente-correta-personalizada"],"_links":{"self":[{"href":"https:\/\/vohnabrindes.com.br\/index.php\/wp-json\/wp\/v2\/product\/4360","targetHints":{"allow":["GET"]}}],"collection":[{"href":"https:\/\/vohnabrindes.com.br\/index.php\/wp-json\/wp\/v2\/product"}],"about":[{"href":"https:\/\/vohnabrindes.com.br\/index.php\/wp-json\/wp\/v2\/types\/product"}],"replies":[{"embeddable":true,"href":"https:\/\/vohnabrindes.com.br\/index.php\/wp-json\/wp\/v2\/comments?post=4360"}],"version-history":[{"count":1,"href":"https:\/\/vohnabrindes.com.br\/index.php\/wp-json\/wp\/v2\/product\/4360\/revisions"}],"predecessor-version":[{"id":4391,"href":"https:\/\/vohnabrindes.com.br\/index.php\/wp-json\/wp\/v2\/product\/4360\/revisions\/4391"}],"wp:featuredmedia":[{"embeddable":true,"href":"https:\/\/vohnabrindes.com.br\/index.php\/wp-json\/wp\/v2\/media\/1143"}],"wp:attachment":[{"href":"https:\/\/vohnabrindes.com.br\/index.php\/wp-json\/wp\/v2\/media?parent=4360"}],"wp:term":[{"taxonomy":"product_cat","embeddable":true,"href":"https:\/\/vohnabrindes.com.br\/index.php\/wp-json\/wp\/v2\/product_cat?post=4360"},{"taxonomy":"product_tag","embeddable":true,"href":"https:\/\/vohnabrindes.com.br\/index.php\/wp-json\/wp\/v2\/product_tag?post=4360"}],"curies":[{"name":"wp","href":"https:\/\/api.w.org\/{rel}","templated":true}]}}