{"id":4361,"date":"2025-05-30T21:38:47","date_gmt":"2025-05-31T00:38:47","guid":{"rendered":"https:\/\/vohnabrindes.com.br\/?post_type=product&#038;p=4361"},"modified":"2025-05-30T21:38:50","modified_gmt":"2025-05-31T00:38:50","slug":"mochila-saco-impermeavel-personalizada","status":"publish","type":"product","link":"https:\/\/vohnabrindes.com.br\/index.php\/product\/mochila-saco-impermeavel-personalizada\/","title":{"rendered":"Mochila Saco Imperme\u00e1vel personalizada."},"content":{"rendered":"<pre id=\"item_referencia\">18601<\/pre>\n<p class=\"produto-nome\">Mochila Saco Imperme\u00e1vel personalizada.<\/p>\n<div class=\"caracs\">\n<div class=\"desc\">\n<p class=\"desc-tit\"><span class=\"desc-sub my-desc-sub\">Mochila saco em fibra de poli\u00e9ster resistente \u00e0 \u00e1gua com bolso frontal e entrada para fones de ouvido.<\/span><\/p>\n<\/div>\n<div class=\"desc\">\n<p class=\"desc-tit\">Altura<span class=\"desc-sub\">\u00a0:\u00a0 42,4 cm<\/span><\/p>\n<\/div>\n<div class=\"desc\">\n<p class=\"desc-tit\">Largura<span class=\"desc-sub\"> :\u00a0 35 cm<\/span><\/p>\n<\/div>\n<div class=\"desc\">\n<p class=\"desc-tit\">Peso aproximado<span class=\"desc-sub\">\u00a0(g):\u00a0 81<\/span><\/p>\n<\/div>\n<\/div>\n","protected":false},"excerpt":{"rendered":"<p>18601 Mochila Saco Imperme\u00e1vel personalizada. Mochila saco em fibra de poli\u00e9ster resistente \u00e0 \u00e1gua com bolso frontal e entrada para fones de ouvido. Altura\u00a0:\u00a0 42,4 cm<span class=\"excerpt-hellip\"> [\u2026]<\/span><\/p>\n","protected":false},"featured_media":1145,"comment_status":"open","ping_status":"closed","template":"","meta":[],"product_cat":[312],"product_tag":[323,390,316],"class_list":["post-4361","product","type-product","status-publish","has-post-thumbnail","hentry","product_cat-mochilas-saco-e-bolsas-esportivas","product_tag-mochila-esportiva-personalizada","product_tag-mochila-saco-impermeavel-personalizada","product_tag-mochila-saco-personalizada"],"_links":{"self":[{"href":"https:\/\/vohnabrindes.com.br\/index.php\/wp-json\/wp\/v2\/product\/4361","targetHints":{"allow":["GET"]}}],"collection":[{"href":"https:\/\/vohnabrindes.com.br\/index.php\/wp-json\/wp\/v2\/product"}],"about":[{"href":"https:\/\/vohnabrindes.com.br\/index.php\/wp-json\/wp\/v2\/types\/product"}],"replies":[{"embeddable":true,"href":"https:\/\/vohnabrindes.com.br\/index.php\/wp-json\/wp\/v2\/comments?post=4361"}],"version-history":[{"count":1,"href":"https:\/\/vohnabrindes.com.br\/index.php\/wp-json\/wp\/v2\/product\/4361\/revisions"}],"predecessor-version":[{"id":4392,"href":"https:\/\/vohnabrindes.com.br\/index.php\/wp-json\/wp\/v2\/product\/4361\/revisions\/4392"}],"wp:featuredmedia":[{"embeddable":true,"href":"https:\/\/vohnabrindes.com.br\/index.php\/wp-json\/wp\/v2\/media\/1145"}],"wp:attachment":[{"href":"https:\/\/vohnabrindes.com.br\/index.php\/wp-json\/wp\/v2\/media?parent=4361"}],"wp:term":[{"taxonomy":"product_cat","embeddable":true,"href":"https:\/\/vohnabrindes.com.br\/index.php\/wp-json\/wp\/v2\/product_cat?post=4361"},{"taxonomy":"product_tag","embeddable":true,"href":"https:\/\/vohnabrindes.com.br\/index.php\/wp-json\/wp\/v2\/product_tag?post=4361"}],"curies":[{"name":"wp","href":"https:\/\/api.w.org\/{rel}","templated":true}]}}