{"id":4365,"date":"2025-05-30T21:38:47","date_gmt":"2025-05-31T00:38:47","guid":{"rendered":"https:\/\/vohnabrindes.com.br\/?post_type=product&#038;p=4365"},"modified":"2025-05-30T21:38:50","modified_gmt":"2025-05-31T00:38:50","slug":"mochila-saco-com-bolso-frontal-personalizada","status":"publish","type":"product","link":"https:\/\/vohnabrindes.com.br\/index.php\/product\/mochila-saco-com-bolso-frontal-personalizada\/","title":{"rendered":"Mochila saco com bolso frontal personalizada."},"content":{"rendered":"<pre id=\"item_referencia\">BP0004<\/pre>\n<div class=\"caracs\">\n<div class=\"desc\">\n<p class=\"desc-tit\">Bolsa em poli\u00e9ster 600D com detalhe em corti\u00e7a, al\u00e7a dupla para colocar nas costas e bolso frontal.<\/p>\n<\/div>\n<div class=\"desc\">\n<div class=\"d-flex justify-content-between align-items-center\">\n<div class=\"text-end w-50\"><strong>Dimens\u00e3o Produto:<\/strong>34cm x 38,5cm<\/div>\n<\/div>\n<div class=\"d-flex justify-content-between align-items-center\">\n<div class=\"text-end w-50\"><strong>Peso do Produto:<\/strong>0,086kg<\/div>\n<\/div>\n<div class=\"d-flex justify-content-between align-items-center\">\n<div class=\"text-end w-50\"><strong>Capacidade:<\/strong>1,3L<\/div>\n<\/div>\n<\/div>\n<\/div>\n","protected":false},"excerpt":{"rendered":"<p>BP0004 Bolsa em poli\u00e9ster 600D com detalhe em corti\u00e7a, al\u00e7a dupla para colocar nas costas e bolso frontal. Dimens\u00e3o Produto:34cm x 38,5cm Peso do Produto:0,086kg Capacidade:1,3L<\/p>\n","protected":false},"featured_media":1153,"comment_status":"open","ping_status":"closed","template":"","meta":[],"product_cat":[126,312],"product_tag":[392,316],"class_list":["post-4365","product","type-product","status-publish","has-post-thumbnail","hentry","product_cat-linha-ecologica","product_cat-mochilas-saco-e-bolsas-esportivas","product_tag-mochila-saco-ecologica","product_tag-mochila-saco-personalizada"],"_links":{"self":[{"href":"https:\/\/vohnabrindes.com.br\/index.php\/wp-json\/wp\/v2\/product\/4365","targetHints":{"allow":["GET"]}}],"collection":[{"href":"https:\/\/vohnabrindes.com.br\/index.php\/wp-json\/wp\/v2\/product"}],"about":[{"href":"https:\/\/vohnabrindes.com.br\/index.php\/wp-json\/wp\/v2\/types\/product"}],"replies":[{"embeddable":true,"href":"https:\/\/vohnabrindes.com.br\/index.php\/wp-json\/wp\/v2\/comments?post=4365"}],"version-history":[{"count":1,"href":"https:\/\/vohnabrindes.com.br\/index.php\/wp-json\/wp\/v2\/product\/4365\/revisions"}],"predecessor-version":[{"id":4396,"href":"https:\/\/vohnabrindes.com.br\/index.php\/wp-json\/wp\/v2\/product\/4365\/revisions\/4396"}],"wp:featuredmedia":[{"embeddable":true,"href":"https:\/\/vohnabrindes.com.br\/index.php\/wp-json\/wp\/v2\/media\/1153"}],"wp:attachment":[{"href":"https:\/\/vohnabrindes.com.br\/index.php\/wp-json\/wp\/v2\/media?parent=4365"}],"wp:term":[{"taxonomy":"product_cat","embeddable":true,"href":"https:\/\/vohnabrindes.com.br\/index.php\/wp-json\/wp\/v2\/product_cat?post=4365"},{"taxonomy":"product_tag","embeddable":true,"href":"https:\/\/vohnabrindes.com.br\/index.php\/wp-json\/wp\/v2\/product_tag?post=4365"}],"curies":[{"name":"wp","href":"https:\/\/api.w.org\/{rel}","templated":true}]}}