{"id":4404,"date":"2025-05-30T21:38:51","date_gmt":"2025-05-31T00:38:51","guid":{"rendered":"https:\/\/vohnabrindes.com.br\/?post_type=product&#038;p=4404"},"modified":"2025-05-30T21:38:53","modified_gmt":"2025-05-31T00:38:53","slug":"sacola-tipo-mochila-personalizada-5","status":"publish","type":"product","link":"https:\/\/vohnabrindes.com.br\/index.php\/product\/sacola-tipo-mochila-personalizada-5\/","title":{"rendered":"Sacola tipo mochila personalizada."},"content":{"rendered":"<p>Sacola tipo mochila personalizada.<\/p>\n<p>cor\u00a0 a escolher<\/p>\n<p>33&#215;44 cm dimens\u00f5es:<\/p>\n<p>m\u00ednimo 100 pe\u00e7as<\/p>\n","protected":false},"excerpt":{"rendered":"<p>Sacola tipo mochila personalizada. cor\u00a0 a escolher 33&#215;44 cm dimens\u00f5es: m\u00ednimo 100 pe\u00e7as<\/p>\n","protected":false},"featured_media":1177,"comment_status":"open","ping_status":"closed","template":"","meta":[],"product_cat":[312],"product_tag":[316,401,394],"class_list":["post-4404","product","type-product","status-publish","has-post-thumbnail","hentry","product_cat-mochilas-saco-e-bolsas-esportivas","product_tag-mochila-saco-personalizada","product_tag-sacochila-personalizada","product_tag-sacola-tipo-mochila-personalizada"],"_links":{"self":[{"href":"https:\/\/vohnabrindes.com.br\/index.php\/wp-json\/wp\/v2\/product\/4404","targetHints":{"allow":["GET"]}}],"collection":[{"href":"https:\/\/vohnabrindes.com.br\/index.php\/wp-json\/wp\/v2\/product"}],"about":[{"href":"https:\/\/vohnabrindes.com.br\/index.php\/wp-json\/wp\/v2\/types\/product"}],"replies":[{"embeddable":true,"href":"https:\/\/vohnabrindes.com.br\/index.php\/wp-json\/wp\/v2\/comments?post=4404"}],"version-history":[{"count":1,"href":"https:\/\/vohnabrindes.com.br\/index.php\/wp-json\/wp\/v2\/product\/4404\/revisions"}],"predecessor-version":[{"id":4434,"href":"https:\/\/vohnabrindes.com.br\/index.php\/wp-json\/wp\/v2\/product\/4404\/revisions\/4434"}],"wp:featuredmedia":[{"embeddable":true,"href":"https:\/\/vohnabrindes.com.br\/index.php\/wp-json\/wp\/v2\/media\/1177"}],"wp:attachment":[{"href":"https:\/\/vohnabrindes.com.br\/index.php\/wp-json\/wp\/v2\/media?parent=4404"}],"wp:term":[{"taxonomy":"product_cat","embeddable":true,"href":"https:\/\/vohnabrindes.com.br\/index.php\/wp-json\/wp\/v2\/product_cat?post=4404"},{"taxonomy":"product_tag","embeddable":true,"href":"https:\/\/vohnabrindes.com.br\/index.php\/wp-json\/wp\/v2\/product_tag?post=4404"}],"curies":[{"name":"wp","href":"https:\/\/api.w.org\/{rel}","templated":true}]}}