{"id":4405,"date":"2025-05-30T21:38:51","date_gmt":"2025-05-31T00:38:51","guid":{"rendered":"https:\/\/vohnabrindes.com.br\/?post_type=product&#038;p=4405"},"modified":"2025-05-30T21:38:53","modified_gmt":"2025-05-31T00:38:53","slug":"sacola-tipo-mochila-ecologica-personalizada","status":"publish","type":"product","link":"https:\/\/vohnabrindes.com.br\/index.php\/product\/sacola-tipo-mochila-ecologica-personalizada\/","title":{"rendered":"Sacola tipo mochila ecol\u00f3gica personalizada."},"content":{"rendered":"<div class=\"ref\">92083-ISTANBUL.<\/div>\n<div class=\"ref\">Sacola tipo mochila ecol\u00f3gica personalizada.<\/div>\n<div class=\"texto\">Sacola tipo mochila em algod\u00e3o reciclado e poli\u00e9ster (140 g\/m\u00b2).<\/div>\n<div class=\"texto\">dimens\u00f5es: 370 x 410 mm<\/div>\n","protected":false},"excerpt":{"rendered":"<p>92083-ISTANBUL. Sacola tipo mochila ecol\u00f3gica personalizada. Sacola tipo mochila em algod\u00e3o reciclado e poli\u00e9ster (140 g\/m\u00b2). dimens\u00f5es: 370 x 410 mm<\/p>\n","protected":false},"featured_media":1179,"comment_status":"open","ping_status":"closed","template":"","meta":[],"product_cat":[126,312],"product_tag":[392,316,401,402],"class_list":["post-4405","product","type-product","status-publish","has-post-thumbnail","hentry","product_cat-linha-ecologica","product_cat-mochilas-saco-e-bolsas-esportivas","product_tag-mochila-saco-ecologica","product_tag-mochila-saco-personalizada","product_tag-sacochila-personalizada","product_tag-sacola-tipo-mochila-ecologica-personalizada"],"_links":{"self":[{"href":"https:\/\/vohnabrindes.com.br\/index.php\/wp-json\/wp\/v2\/product\/4405","targetHints":{"allow":["GET"]}}],"collection":[{"href":"https:\/\/vohnabrindes.com.br\/index.php\/wp-json\/wp\/v2\/product"}],"about":[{"href":"https:\/\/vohnabrindes.com.br\/index.php\/wp-json\/wp\/v2\/types\/product"}],"replies":[{"embeddable":true,"href":"https:\/\/vohnabrindes.com.br\/index.php\/wp-json\/wp\/v2\/comments?post=4405"}],"version-history":[{"count":1,"href":"https:\/\/vohnabrindes.com.br\/index.php\/wp-json\/wp\/v2\/product\/4405\/revisions"}],"predecessor-version":[{"id":4435,"href":"https:\/\/vohnabrindes.com.br\/index.php\/wp-json\/wp\/v2\/product\/4405\/revisions\/4435"}],"wp:featuredmedia":[{"embeddable":true,"href":"https:\/\/vohnabrindes.com.br\/index.php\/wp-json\/wp\/v2\/media\/1179"}],"wp:attachment":[{"href":"https:\/\/vohnabrindes.com.br\/index.php\/wp-json\/wp\/v2\/media?parent=4405"}],"wp:term":[{"taxonomy":"product_cat","embeddable":true,"href":"https:\/\/vohnabrindes.com.br\/index.php\/wp-json\/wp\/v2\/product_cat?post=4405"},{"taxonomy":"product_tag","embeddable":true,"href":"https:\/\/vohnabrindes.com.br\/index.php\/wp-json\/wp\/v2\/product_tag?post=4405"}],"curies":[{"name":"wp","href":"https:\/\/api.w.org\/{rel}","templated":true}]}}