{"id":4415,"date":"2025-05-30T21:38:52","date_gmt":"2025-05-31T00:38:52","guid":{"rendered":"https:\/\/vohnabrindes.com.br\/?post_type=product&#038;p=4415"},"modified":"2025-05-30T21:38:54","modified_gmt":"2025-05-31T00:38:54","slug":"garrafa-termica-metal-450ml-personalizada","status":"publish","type":"product","link":"https:\/\/vohnabrindes.com.br\/index.php\/product\/garrafa-termica-metal-450ml-personalizada\/","title":{"rendered":"Garrafa T\u00e9rmica Metal 450ml personalizada."},"content":{"rendered":"<pre id=\"item_referencia\">02087<\/pre>\n<div class=\"caracs\">\n<div class=\"desc\">\n<p class=\"desc-tit\">\u00a0<span class=\"desc-sub my-desc-sub\">Garrafa t\u00e9rmica 450ml colorida com sistema de trava. Material met\u00e1lico com revestimento interno em inox, parte inferior com borracha anti deslizante; possui tampa pl\u00e1stica fosca com borracha interna para veda\u00e7\u00e3o evitando o vazamento de l\u00edquido e prezando sua temperatura; possui bot\u00e3o central para abertura e trava lateral(basta seguir a orienta\u00e7\u00e3o dos desenhos de cadeados simulando o travamento\/destravamento da tampa).<\/span><\/p>\n<\/div>\n<div class=\"desc\">\n<p class=\"desc-tit\">Tamanho total aproximado <span class=\"desc-sub\">\u00a0(CxL):\u00a0 23,3 x 6,9 cm x 21,5 cm<\/span><\/p>\n<\/div>\n<div class=\"desc\">\n<p class=\"desc-tit\">Peso aproximado<span class=\"desc-sub\">\u00a0(g):\u00a0 267<\/span><\/p>\n<\/div>\n<\/div>\n","protected":false},"excerpt":{"rendered":"<p>02087 \u00a0Garrafa t\u00e9rmica 450ml colorida com sistema de trava. Material met\u00e1lico com revestimento interno em inox, parte inferior com borracha anti deslizante; possui tampa pl\u00e1stica fosca<span class=\"excerpt-hellip\"> [\u2026]<\/span><\/p>\n","protected":false},"featured_media":1210,"comment_status":"open","ping_status":"closed","template":"","meta":[],"product_cat":[132],"product_tag":[134,414],"class_list":["post-4415","product","type-product","status-publish","has-post-thumbnail","hentry","product_cat-garrafas-termicas-e-kits","product_tag-garrafa-termica","product_tag-garrafa-termica-metal-450ml-personalizada"],"_links":{"self":[{"href":"https:\/\/vohnabrindes.com.br\/index.php\/wp-json\/wp\/v2\/product\/4415","targetHints":{"allow":["GET"]}}],"collection":[{"href":"https:\/\/vohnabrindes.com.br\/index.php\/wp-json\/wp\/v2\/product"}],"about":[{"href":"https:\/\/vohnabrindes.com.br\/index.php\/wp-json\/wp\/v2\/types\/product"}],"replies":[{"embeddable":true,"href":"https:\/\/vohnabrindes.com.br\/index.php\/wp-json\/wp\/v2\/comments?post=4415"}],"version-history":[{"count":1,"href":"https:\/\/vohnabrindes.com.br\/index.php\/wp-json\/wp\/v2\/product\/4415\/revisions"}],"predecessor-version":[{"id":4445,"href":"https:\/\/vohnabrindes.com.br\/index.php\/wp-json\/wp\/v2\/product\/4415\/revisions\/4445"}],"wp:featuredmedia":[{"embeddable":true,"href":"https:\/\/vohnabrindes.com.br\/index.php\/wp-json\/wp\/v2\/media\/1210"}],"wp:attachment":[{"href":"https:\/\/vohnabrindes.com.br\/index.php\/wp-json\/wp\/v2\/media?parent=4415"}],"wp:term":[{"taxonomy":"product_cat","embeddable":true,"href":"https:\/\/vohnabrindes.com.br\/index.php\/wp-json\/wp\/v2\/product_cat?post=4415"},{"taxonomy":"product_tag","embeddable":true,"href":"https:\/\/vohnabrindes.com.br\/index.php\/wp-json\/wp\/v2\/product_tag?post=4415"}],"curies":[{"name":"wp","href":"https:\/\/api.w.org\/{rel}","templated":true}]}}