{"id":4419,"date":"2025-05-30T21:38:52","date_gmt":"2025-05-31T00:38:52","guid":{"rendered":"https:\/\/vohnabrindes.com.br\/?post_type=product&#038;p=4419"},"modified":"2025-05-30T21:38:54","modified_gmt":"2025-05-31T00:38:54","slug":"squeeze-com-termometro-digital-termico-personalizado","status":"publish","type":"product","link":"https:\/\/vohnabrindes.com.br\/index.php\/product\/squeeze-com-termometro-digital-termico-personalizado\/","title":{"rendered":"Squeeze com term\u00f3metro digital (t\u00e9rmico) personalizado."},"content":{"rendered":"<div class=\"ref\">94069-ROSSI.<\/div>\n<div><\/div>\n<div class=\"texto\">Squeeze em a\u00e7o inox com parede dupla isolada a v\u00e1cuo e tampa com term\u00f3metro digital (t\u00e9rmico).<\/div>\n<div class=\"texto\">Inclui infusor para ch\u00e1. Mant\u00e9m as bebidas quentes por 8 h e frias por 24 h e tem capacidade at\u00e9 470 mL.<\/div>\n<div class=\"texto\">Certifica\u00e7\u00e3o EU Food Grade. Fornecido em caixa. \u00f865 x 229 mm<\/div>\n","protected":false},"excerpt":{"rendered":"<p>94069-ROSSI. Squeeze em a\u00e7o inox com parede dupla isolada a v\u00e1cuo e tampa com term\u00f3metro digital (t\u00e9rmico). Inclui infusor para ch\u00e1. Mant\u00e9m as bebidas quentes por<span class=\"excerpt-hellip\"> [\u2026]<\/span><\/p>\n","protected":false},"featured_media":1227,"comment_status":"open","ping_status":"closed","template":"","meta":[],"product_cat":[132],"product_tag":[419],"class_list":["post-4419","product","type-product","status-publish","has-post-thumbnail","hentry","product_cat-garrafas-termicas-e-kits","product_tag-squeeze-com-termometro-digital-termico-personalizado"],"_links":{"self":[{"href":"https:\/\/vohnabrindes.com.br\/index.php\/wp-json\/wp\/v2\/product\/4419","targetHints":{"allow":["GET"]}}],"collection":[{"href":"https:\/\/vohnabrindes.com.br\/index.php\/wp-json\/wp\/v2\/product"}],"about":[{"href":"https:\/\/vohnabrindes.com.br\/index.php\/wp-json\/wp\/v2\/types\/product"}],"replies":[{"embeddable":true,"href":"https:\/\/vohnabrindes.com.br\/index.php\/wp-json\/wp\/v2\/comments?post=4419"}],"version-history":[{"count":1,"href":"https:\/\/vohnabrindes.com.br\/index.php\/wp-json\/wp\/v2\/product\/4419\/revisions"}],"predecessor-version":[{"id":4449,"href":"https:\/\/vohnabrindes.com.br\/index.php\/wp-json\/wp\/v2\/product\/4419\/revisions\/4449"}],"wp:featuredmedia":[{"embeddable":true,"href":"https:\/\/vohnabrindes.com.br\/index.php\/wp-json\/wp\/v2\/media\/1227"}],"wp:attachment":[{"href":"https:\/\/vohnabrindes.com.br\/index.php\/wp-json\/wp\/v2\/media?parent=4419"}],"wp:term":[{"taxonomy":"product_cat","embeddable":true,"href":"https:\/\/vohnabrindes.com.br\/index.php\/wp-json\/wp\/v2\/product_cat?post=4419"},{"taxonomy":"product_tag","embeddable":true,"href":"https:\/\/vohnabrindes.com.br\/index.php\/wp-json\/wp\/v2\/product_tag?post=4419"}],"curies":[{"name":"wp","href":"https:\/\/api.w.org\/{rel}","templated":true}]}}