{"id":4420,"date":"2025-05-30T21:38:52","date_gmt":"2025-05-31T00:38:52","guid":{"rendered":"https:\/\/vohnabrindes.com.br\/?post_type=product&#038;p=4420"},"modified":"2025-05-30T21:38:54","modified_gmt":"2025-05-31T00:38:54","slug":"garrafa-termica-500-ml-termico-personalizado","status":"publish","type":"product","link":"https:\/\/vohnabrindes.com.br\/index.php\/product\/garrafa-termica-500-ml-termico-personalizado\/","title":{"rendered":"Garrafa t\u00e9rmica 500 mL (t\u00e9rmico) personalizado."},"content":{"rendered":"<div class=\"ref\">94078-BUFFON.<\/div>\n<div class=\"ref\">Garrafa t\u00e9rmica 500 mL (t\u00e9rmico)<\/div>\n<div class=\"texto\">Squeeze em a\u00e7o inox com parede dupla e tampa com sistema de v\u00e1cuo (t\u00e9rmico).<\/div>\n<div class=\"texto\">Capacidade at\u00e9 500 mL. Mant\u00e9m as bebidas quentes por 8h e frias por 24h. Certifica\u00e7\u00e3o EU Food Grade.<\/div>\n<div class=\"texto\">Fornecido em caixa branca. \u00f867 x 255 mm | Caixa: 75 x 75 x 275 mm<\/div>\n","protected":false},"excerpt":{"rendered":"<p>94078-BUFFON. Garrafa t\u00e9rmica 500 mL (t\u00e9rmico) Squeeze em a\u00e7o inox com parede dupla e tampa com sistema de v\u00e1cuo (t\u00e9rmico). Capacidade at\u00e9 500 mL. Mant\u00e9m as<span class=\"excerpt-hellip\"> [\u2026]<\/span><\/p>\n","protected":false},"featured_media":1229,"comment_status":"open","ping_status":"closed","template":"","meta":[],"product_cat":[132],"product_tag":[420],"class_list":["post-4420","product","type-product","status-publish","has-post-thumbnail","hentry","product_cat-garrafas-termicas-e-kits","product_tag-garrafa-termica-500-ml-termico"],"_links":{"self":[{"href":"https:\/\/vohnabrindes.com.br\/index.php\/wp-json\/wp\/v2\/product\/4420","targetHints":{"allow":["GET"]}}],"collection":[{"href":"https:\/\/vohnabrindes.com.br\/index.php\/wp-json\/wp\/v2\/product"}],"about":[{"href":"https:\/\/vohnabrindes.com.br\/index.php\/wp-json\/wp\/v2\/types\/product"}],"replies":[{"embeddable":true,"href":"https:\/\/vohnabrindes.com.br\/index.php\/wp-json\/wp\/v2\/comments?post=4420"}],"version-history":[{"count":1,"href":"https:\/\/vohnabrindes.com.br\/index.php\/wp-json\/wp\/v2\/product\/4420\/revisions"}],"predecessor-version":[{"id":4450,"href":"https:\/\/vohnabrindes.com.br\/index.php\/wp-json\/wp\/v2\/product\/4420\/revisions\/4450"}],"wp:featuredmedia":[{"embeddable":true,"href":"https:\/\/vohnabrindes.com.br\/index.php\/wp-json\/wp\/v2\/media\/1229"}],"wp:attachment":[{"href":"https:\/\/vohnabrindes.com.br\/index.php\/wp-json\/wp\/v2\/media?parent=4420"}],"wp:term":[{"taxonomy":"product_cat","embeddable":true,"href":"https:\/\/vohnabrindes.com.br\/index.php\/wp-json\/wp\/v2\/product_cat?post=4420"},{"taxonomy":"product_tag","embeddable":true,"href":"https:\/\/vohnabrindes.com.br\/index.php\/wp-json\/wp\/v2\/product_tag?post=4420"}],"curies":[{"name":"wp","href":"https:\/\/api.w.org\/{rel}","templated":true}]}}