{"id":4421,"date":"2025-05-30T21:38:52","date_gmt":"2025-05-31T00:38:52","guid":{"rendered":"https:\/\/vohnabrindes.com.br\/?post_type=product&#038;p=4421"},"modified":"2025-05-30T21:38:54","modified_gmt":"2025-05-31T00:38:54","slug":"garrafa-termica-personalizada","status":"publish","type":"product","link":"https:\/\/vohnabrindes.com.br\/index.php\/product\/garrafa-termica-personalizada\/","title":{"rendered":"Garrafa T\u00e9rmica personalizada."},"content":{"rendered":"<pre class=\"mb-3\">GA6700-<\/pre>\n<div class=\"d-block\">\n<div>\n<p>Garrafa t\u00e9rmica em a\u00e7o inox com parede dupla isolada a v\u00e1cuo,\u00a0com capacidade at\u00e9\u00a0450ml com infusor.<\/p>\n<p>Tampa rosque\u00e1vel com anel de silicone para veda\u00e7\u00e3o.<br \/>\nDisplay LED com term\u00f4metro digital na tampa para indicar a temperatura do l\u00edquido,<br \/>\nConserva l\u00edquido quente por at\u00e9 12\u00a0horas e l\u00edquido frio at\u00e9 18\u00a0horas.<br \/>\nProduto indicado para viagens, camping, ideal para seu dia<\/p>\n<\/div>\n<\/div>\n","protected":false},"excerpt":{"rendered":"<p>GA6700- Garrafa t\u00e9rmica em a\u00e7o inox com parede dupla isolada a v\u00e1cuo,\u00a0com capacidade at\u00e9\u00a0450ml com infusor. Tampa rosque\u00e1vel com anel de silicone para veda\u00e7\u00e3o. Display LED<span class=\"excerpt-hellip\"> [\u2026]<\/span><\/p>\n","protected":false},"featured_media":1231,"comment_status":"open","ping_status":"closed","template":"","meta":[],"product_cat":[132],"product_tag":[134,416],"class_list":["post-4421","product","type-product","status-publish","has-post-thumbnail","hentry","product_cat-garrafas-termicas-e-kits","product_tag-garrafa-termica","product_tag-garrafa-termica-personalizada"],"_links":{"self":[{"href":"https:\/\/vohnabrindes.com.br\/index.php\/wp-json\/wp\/v2\/product\/4421","targetHints":{"allow":["GET"]}}],"collection":[{"href":"https:\/\/vohnabrindes.com.br\/index.php\/wp-json\/wp\/v2\/product"}],"about":[{"href":"https:\/\/vohnabrindes.com.br\/index.php\/wp-json\/wp\/v2\/types\/product"}],"replies":[{"embeddable":true,"href":"https:\/\/vohnabrindes.com.br\/index.php\/wp-json\/wp\/v2\/comments?post=4421"}],"version-history":[{"count":1,"href":"https:\/\/vohnabrindes.com.br\/index.php\/wp-json\/wp\/v2\/product\/4421\/revisions"}],"predecessor-version":[{"id":4451,"href":"https:\/\/vohnabrindes.com.br\/index.php\/wp-json\/wp\/v2\/product\/4421\/revisions\/4451"}],"wp:featuredmedia":[{"embeddable":true,"href":"https:\/\/vohnabrindes.com.br\/index.php\/wp-json\/wp\/v2\/media\/1231"}],"wp:attachment":[{"href":"https:\/\/vohnabrindes.com.br\/index.php\/wp-json\/wp\/v2\/media?parent=4421"}],"wp:term":[{"taxonomy":"product_cat","embeddable":true,"href":"https:\/\/vohnabrindes.com.br\/index.php\/wp-json\/wp\/v2\/product_cat?post=4421"},{"taxonomy":"product_tag","embeddable":true,"href":"https:\/\/vohnabrindes.com.br\/index.php\/wp-json\/wp\/v2\/product_tag?post=4421"}],"curies":[{"name":"wp","href":"https:\/\/api.w.org\/{rel}","templated":true}]}}