{"id":4422,"date":"2025-05-30T21:38:52","date_gmt":"2025-05-31T00:38:52","guid":{"rendered":"https:\/\/vohnabrindes.com.br\/?post_type=product&#038;p=4422"},"modified":"2025-05-30T21:38:54","modified_gmt":"2025-05-31T00:38:54","slug":"garrafa-termica-em-bambu-personalizada","status":"publish","type":"product","link":"https:\/\/vohnabrindes.com.br\/index.php\/product\/garrafa-termica-em-bambu-personalizada\/","title":{"rendered":"Garrafa t\u00e9rmica em bambu personalizada."},"content":{"rendered":"<div class=\"ref\">94683-NATUREL.<\/div>\n<div class=\"ref\">Garrafa t\u00e9rmica (t\u00e9rmico)<\/div>\n<div class=\"texto\">Squeeze em bambu e a\u00e7o inox, com parede dupla isolada a v\u00e1cuo e infusor para ch\u00e1 (t\u00e9rmico). Preserva as bebidas quentes por 8 horas e as bebidas frias por 24 horas. Capacidade at\u00e9 430 mL.<\/div>\n<div class=\"texto\">Certifica\u00e7\u00e3o EU Food Grade. Fornecido em caixa. \u00f869 x 207 mm | Caixa: 72 x 210 x 72 mm<\/div>\n","protected":false},"excerpt":{"rendered":"<p>94683-NATUREL. Garrafa t\u00e9rmica (t\u00e9rmico) Squeeze em bambu e a\u00e7o inox, com parede dupla isolada a v\u00e1cuo e infusor para ch\u00e1 (t\u00e9rmico). Preserva as bebidas quentes por<span class=\"excerpt-hellip\"> [\u2026]<\/span><\/p>\n","protected":false},"featured_media":1233,"comment_status":"open","ping_status":"closed","template":"","meta":[],"product_cat":[132],"product_tag":[134,421],"class_list":["post-4422","product","type-product","status-publish","has-post-thumbnail","hentry","product_cat-garrafas-termicas-e-kits","product_tag-garrafa-termica","product_tag-garrafa-termica-em-bambu-personalizada"],"_links":{"self":[{"href":"https:\/\/vohnabrindes.com.br\/index.php\/wp-json\/wp\/v2\/product\/4422","targetHints":{"allow":["GET"]}}],"collection":[{"href":"https:\/\/vohnabrindes.com.br\/index.php\/wp-json\/wp\/v2\/product"}],"about":[{"href":"https:\/\/vohnabrindes.com.br\/index.php\/wp-json\/wp\/v2\/types\/product"}],"replies":[{"embeddable":true,"href":"https:\/\/vohnabrindes.com.br\/index.php\/wp-json\/wp\/v2\/comments?post=4422"}],"version-history":[{"count":1,"href":"https:\/\/vohnabrindes.com.br\/index.php\/wp-json\/wp\/v2\/product\/4422\/revisions"}],"predecessor-version":[{"id":4452,"href":"https:\/\/vohnabrindes.com.br\/index.php\/wp-json\/wp\/v2\/product\/4422\/revisions\/4452"}],"wp:featuredmedia":[{"embeddable":true,"href":"https:\/\/vohnabrindes.com.br\/index.php\/wp-json\/wp\/v2\/media\/1233"}],"wp:attachment":[{"href":"https:\/\/vohnabrindes.com.br\/index.php\/wp-json\/wp\/v2\/media?parent=4422"}],"wp:term":[{"taxonomy":"product_cat","embeddable":true,"href":"https:\/\/vohnabrindes.com.br\/index.php\/wp-json\/wp\/v2\/product_cat?post=4422"},{"taxonomy":"product_tag","embeddable":true,"href":"https:\/\/vohnabrindes.com.br\/index.php\/wp-json\/wp\/v2\/product_tag?post=4422"}],"curies":[{"name":"wp","href":"https:\/\/api.w.org\/{rel}","templated":true}]}}