{"id":4424,"date":"2025-05-30T21:38:52","date_gmt":"2025-05-31T00:38:52","guid":{"rendered":"https:\/\/vohnabrindes.com.br\/?post_type=product&#038;p=4424"},"modified":"2025-05-30T21:38:56","modified_gmt":"2025-05-31T00:38:56","slug":"garrafa-termica-500mls-personalizada","status":"publish","type":"product","link":"https:\/\/vohnabrindes.com.br\/index.php\/product\/garrafa-termica-500mls-personalizada\/","title":{"rendered":"Garrafa T\u00e9rmica 500mls personalizada."},"content":{"rendered":"<pre class=\"mb-3\">GA6100<\/pre>\n<div class=\"d-block\">\n<div>\n<p>Garrafa t\u00e9rmica\u00a0em a\u00e7o inox com parede dupla\u00a0isolada\u00a0a v\u00e1cuo, com capacidade\u00a0de at\u00e9 500ml. Conserva l\u00edquido quente por at\u00e9 8\u00a0horas e l\u00edquido frio at\u00e9 12\u00a0horas. Tampa com revestimento em fibra de bambu. Al\u00e7a em metal. Detalhe cromado. Pintura fosca.<\/p>\n<\/div>\n<\/div>\n","protected":false},"excerpt":{"rendered":"<p>GA6100 Garrafa t\u00e9rmica\u00a0em a\u00e7o inox com parede dupla\u00a0isolada\u00a0a v\u00e1cuo, com capacidade\u00a0de at\u00e9 500ml. Conserva l\u00edquido quente por at\u00e9 8\u00a0horas e l\u00edquido frio at\u00e9 12\u00a0horas. Tampa com<span class=\"excerpt-hellip\"> [\u2026]<\/span><\/p>\n","protected":false},"featured_media":1237,"comment_status":"open","ping_status":"closed","template":"","meta":[],"product_cat":[132],"product_tag":[134,416],"class_list":["post-4424","product","type-product","status-publish","has-post-thumbnail","hentry","product_cat-garrafas-termicas-e-kits","product_tag-garrafa-termica","product_tag-garrafa-termica-personalizada"],"_links":{"self":[{"href":"https:\/\/vohnabrindes.com.br\/index.php\/wp-json\/wp\/v2\/product\/4424","targetHints":{"allow":["GET"]}}],"collection":[{"href":"https:\/\/vohnabrindes.com.br\/index.php\/wp-json\/wp\/v2\/product"}],"about":[{"href":"https:\/\/vohnabrindes.com.br\/index.php\/wp-json\/wp\/v2\/types\/product"}],"replies":[{"embeddable":true,"href":"https:\/\/vohnabrindes.com.br\/index.php\/wp-json\/wp\/v2\/comments?post=4424"}],"version-history":[{"count":1,"href":"https:\/\/vohnabrindes.com.br\/index.php\/wp-json\/wp\/v2\/product\/4424\/revisions"}],"predecessor-version":[{"id":4455,"href":"https:\/\/vohnabrindes.com.br\/index.php\/wp-json\/wp\/v2\/product\/4424\/revisions\/4455"}],"wp:featuredmedia":[{"embeddable":true,"href":"https:\/\/vohnabrindes.com.br\/index.php\/wp-json\/wp\/v2\/media\/1237"}],"wp:attachment":[{"href":"https:\/\/vohnabrindes.com.br\/index.php\/wp-json\/wp\/v2\/media?parent=4424"}],"wp:term":[{"taxonomy":"product_cat","embeddable":true,"href":"https:\/\/vohnabrindes.com.br\/index.php\/wp-json\/wp\/v2\/product_cat?post=4424"},{"taxonomy":"product_tag","embeddable":true,"href":"https:\/\/vohnabrindes.com.br\/index.php\/wp-json\/wp\/v2\/product_tag?post=4424"}],"curies":[{"name":"wp","href":"https:\/\/api.w.org\/{rel}","templated":true}]}}