{"id":4427,"date":"2025-05-30T21:38:52","date_gmt":"2025-05-31T00:38:52","guid":{"rendered":"https:\/\/vohnabrindes.com.br\/?post_type=product&#038;p=4427"},"modified":"2025-05-30T21:38:56","modified_gmt":"2025-05-31T00:38:56","slug":"squeeze-em-aco-inox-570-ml-termico-personalizado","status":"publish","type":"product","link":"https:\/\/vohnabrindes.com.br\/index.php\/product\/squeeze-em-aco-inox-570-ml-termico-personalizado\/","title":{"rendered":"Squeeze em a\u00e7o inox 570 mL t\u00e9rmico personalizado."},"content":{"rendered":"<div class=\"ref\">94316-NORTON.<\/div>\n<div class=\"ref\">Squeeze em a\u00e7o inox 570 mL<\/div>\n<div class=\"texto\">Garrafa em a\u00e7o inox com parede dupla isolada a v\u00e1cuo e tampa com boquilha de palhinha em PP.<\/div>\n<div class=\"texto\">Capacidade at\u00e9 570ml (t\u00e9rmico). Certifica\u00e7\u00e3o EU Food Grade.<\/div>\n<div class=\"texto\">Fornecido em caixa presente de papel kraft. \u00d858 x 240 mm<\/div>\n","protected":false},"excerpt":{"rendered":"<p>94316-NORTON. Squeeze em a\u00e7o inox 570 mL Garrafa em a\u00e7o inox com parede dupla isolada a v\u00e1cuo e tampa com boquilha de palhinha em PP. Capacidade<span class=\"excerpt-hellip\"> [\u2026]<\/span><\/p>\n","protected":false},"featured_media":1251,"comment_status":"open","ping_status":"closed","template":"","meta":[],"product_cat":[132],"product_tag":[423],"class_list":["post-4427","product","type-product","status-publish","has-post-thumbnail","hentry","product_cat-garrafas-termicas-e-kits","product_tag-squeeze-em-aco-inox-570-ml-termico-personalizado"],"_links":{"self":[{"href":"https:\/\/vohnabrindes.com.br\/index.php\/wp-json\/wp\/v2\/product\/4427","targetHints":{"allow":["GET"]}}],"collection":[{"href":"https:\/\/vohnabrindes.com.br\/index.php\/wp-json\/wp\/v2\/product"}],"about":[{"href":"https:\/\/vohnabrindes.com.br\/index.php\/wp-json\/wp\/v2\/types\/product"}],"replies":[{"embeddable":true,"href":"https:\/\/vohnabrindes.com.br\/index.php\/wp-json\/wp\/v2\/comments?post=4427"}],"version-history":[{"count":1,"href":"https:\/\/vohnabrindes.com.br\/index.php\/wp-json\/wp\/v2\/product\/4427\/revisions"}],"predecessor-version":[{"id":4458,"href":"https:\/\/vohnabrindes.com.br\/index.php\/wp-json\/wp\/v2\/product\/4427\/revisions\/4458"}],"wp:featuredmedia":[{"embeddable":true,"href":"https:\/\/vohnabrindes.com.br\/index.php\/wp-json\/wp\/v2\/media\/1251"}],"wp:attachment":[{"href":"https:\/\/vohnabrindes.com.br\/index.php\/wp-json\/wp\/v2\/media?parent=4427"}],"wp:term":[{"taxonomy":"product_cat","embeddable":true,"href":"https:\/\/vohnabrindes.com.br\/index.php\/wp-json\/wp\/v2\/product_cat?post=4427"},{"taxonomy":"product_tag","embeddable":true,"href":"https:\/\/vohnabrindes.com.br\/index.php\/wp-json\/wp\/v2\/product_tag?post=4427"}],"curies":[{"name":"wp","href":"https:\/\/api.w.org\/{rel}","templated":true}]}}