{"id":4430,"date":"2025-05-30T21:38:52","date_gmt":"2025-05-31T00:38:52","guid":{"rendered":"https:\/\/vohnabrindes.com.br\/?post_type=product&#038;p=4430"},"modified":"2025-05-30T21:38:56","modified_gmt":"2025-05-31T00:38:56","slug":"squeeze-com-corpo-duplo-termico-personalizado","status":"publish","type":"product","link":"https:\/\/vohnabrindes.com.br\/index.php\/product\/squeeze-com-corpo-duplo-termico-personalizado\/","title":{"rendered":"Squeeze com corpo duplo (t\u00e9rmico) personalizado."},"content":{"rendered":"<div class=\"ref\">94257-LAVER.<\/div>\n<div class=\"ref\">Squeeze com corpo duplo (t\u00e9rmico)<\/div>\n<div class=\"texto\">Squeeze em bambu e a\u00e7o inox com corpo duplo, isolamento a v\u00e1cuo e tampa em PP (t\u00e9rmico).<\/div>\n<div class=\"texto\">Capacidade at\u00e9 440 mL. Preserva as bebidas quentes por 8 horas e as bebidas frias por 24 horas.<\/div>\n<div class=\"texto\">Certifica\u00e7\u00e3o EU Food Grade. Fornecido em caixa presente de papel kraft. \u00f870 x 222 mm<\/div>\n","protected":false},"excerpt":{"rendered":"<p>94257-LAVER. Squeeze com corpo duplo (t\u00e9rmico) Squeeze em bambu e a\u00e7o inox com corpo duplo, isolamento a v\u00e1cuo e tampa em PP (t\u00e9rmico). Capacidade at\u00e9 440<span class=\"excerpt-hellip\"> [\u2026]<\/span><\/p>\n","protected":false},"featured_media":1257,"comment_status":"open","ping_status":"closed","template":"","meta":[],"product_cat":[132,126],"product_tag":[134,425],"class_list":["post-4430","product","type-product","status-publish","has-post-thumbnail","hentry","product_cat-garrafas-termicas-e-kits","product_cat-linha-ecologica","product_tag-garrafa-termica","product_tag-squeeze-com-corpo-duplo-termico"],"_links":{"self":[{"href":"https:\/\/vohnabrindes.com.br\/index.php\/wp-json\/wp\/v2\/product\/4430","targetHints":{"allow":["GET"]}}],"collection":[{"href":"https:\/\/vohnabrindes.com.br\/index.php\/wp-json\/wp\/v2\/product"}],"about":[{"href":"https:\/\/vohnabrindes.com.br\/index.php\/wp-json\/wp\/v2\/types\/product"}],"replies":[{"embeddable":true,"href":"https:\/\/vohnabrindes.com.br\/index.php\/wp-json\/wp\/v2\/comments?post=4430"}],"version-history":[{"count":1,"href":"https:\/\/vohnabrindes.com.br\/index.php\/wp-json\/wp\/v2\/product\/4430\/revisions"}],"predecessor-version":[{"id":4461,"href":"https:\/\/vohnabrindes.com.br\/index.php\/wp-json\/wp\/v2\/product\/4430\/revisions\/4461"}],"wp:featuredmedia":[{"embeddable":true,"href":"https:\/\/vohnabrindes.com.br\/index.php\/wp-json\/wp\/v2\/media\/1257"}],"wp:attachment":[{"href":"https:\/\/vohnabrindes.com.br\/index.php\/wp-json\/wp\/v2\/media?parent=4430"}],"wp:term":[{"taxonomy":"product_cat","embeddable":true,"href":"https:\/\/vohnabrindes.com.br\/index.php\/wp-json\/wp\/v2\/product_cat?post=4430"},{"taxonomy":"product_tag","embeddable":true,"href":"https:\/\/vohnabrindes.com.br\/index.php\/wp-json\/wp\/v2\/product_tag?post=4430"}],"curies":[{"name":"wp","href":"https:\/\/api.w.org\/{rel}","templated":true}]}}