{"id":4431,"date":"2025-05-30T21:38:53","date_gmt":"2025-05-31T00:38:53","guid":{"rendered":"https:\/\/vohnabrindes.com.br\/?post_type=product&#038;p=4431"},"modified":"2025-05-30T21:38:56","modified_gmt":"2025-05-31T00:38:56","slug":"garrafa-termica-500mls-personalizada-2","status":"publish","type":"product","link":"https:\/\/vohnabrindes.com.br\/index.php\/product\/garrafa-termica-500mls-personalizada-2\/","title":{"rendered":"Garrafa t\u00e9rmica 500mls personalizada."},"content":{"rendered":"<pre class=\"mb-3\">GA8100<\/pre>\n<div class=\"d-block\">\n<div>\n<p>Garrafa t\u00e9rmica em a\u00e7o inox com parede dupla isoladao \u00e0 v\u00e1cuo, com tampa de inox na cor do produto e anel de silicone para veda\u00e7\u00e3o. Capacidadede at\u00e9\u00a0500ml, pintura fosca.<\/p>\n<\/div>\n<\/div>\n","protected":false},"excerpt":{"rendered":"<p>GA8100 Garrafa t\u00e9rmica em a\u00e7o inox com parede dupla isoladao \u00e0 v\u00e1cuo, com tampa de inox na cor do produto e anel de silicone para veda\u00e7\u00e3o.<span class=\"excerpt-hellip\"> [\u2026]<\/span><\/p>\n","protected":false},"featured_media":1259,"comment_status":"open","ping_status":"closed","template":"","meta":[],"product_cat":[132],"product_tag":[134,426],"class_list":["post-4431","product","type-product","status-publish","has-post-thumbnail","hentry","product_cat-garrafas-termicas-e-kits","product_tag-garrafa-termica","product_tag-garrafa-termica-500mls-personalizada"],"_links":{"self":[{"href":"https:\/\/vohnabrindes.com.br\/index.php\/wp-json\/wp\/v2\/product\/4431","targetHints":{"allow":["GET"]}}],"collection":[{"href":"https:\/\/vohnabrindes.com.br\/index.php\/wp-json\/wp\/v2\/product"}],"about":[{"href":"https:\/\/vohnabrindes.com.br\/index.php\/wp-json\/wp\/v2\/types\/product"}],"replies":[{"embeddable":true,"href":"https:\/\/vohnabrindes.com.br\/index.php\/wp-json\/wp\/v2\/comments?post=4431"}],"version-history":[{"count":1,"href":"https:\/\/vohnabrindes.com.br\/index.php\/wp-json\/wp\/v2\/product\/4431\/revisions"}],"predecessor-version":[{"id":4462,"href":"https:\/\/vohnabrindes.com.br\/index.php\/wp-json\/wp\/v2\/product\/4431\/revisions\/4462"}],"wp:featuredmedia":[{"embeddable":true,"href":"https:\/\/vohnabrindes.com.br\/index.php\/wp-json\/wp\/v2\/media\/1259"}],"wp:attachment":[{"href":"https:\/\/vohnabrindes.com.br\/index.php\/wp-json\/wp\/v2\/media?parent=4431"}],"wp:term":[{"taxonomy":"product_cat","embeddable":true,"href":"https:\/\/vohnabrindes.com.br\/index.php\/wp-json\/wp\/v2\/product_cat?post=4431"},{"taxonomy":"product_tag","embeddable":true,"href":"https:\/\/vohnabrindes.com.br\/index.php\/wp-json\/wp\/v2\/product_tag?post=4431"}],"curies":[{"name":"wp","href":"https:\/\/api.w.org\/{rel}","templated":true}]}}