{"id":4465,"date":"2025-05-30T21:38:57","date_gmt":"2025-05-31T00:38:57","guid":{"rendered":"https:\/\/vohnabrindes.com.br\/?post_type=product&#038;p=4465"},"modified":"2025-05-30T21:38:58","modified_gmt":"2025-05-31T00:38:58","slug":"garrafa-termica-450mls-personalizada","status":"publish","type":"product","link":"https:\/\/vohnabrindes.com.br\/index.php\/product\/garrafa-termica-450mls-personalizada\/","title":{"rendered":"Garrafa t\u00e9rmica 450mls personalizada."},"content":{"rendered":"<h6 class=\"mb-3\">GA6750<\/h6>\n<div class=\"d-block\">\n<div>\n<p>Garrafa t\u00e9rmica em a\u00e7o inox com parede dupla isolada\u00a0a v\u00e1cuo,\u00a0com capacidade at\u00e9\u00a0450ml com infusor.<\/p>\n<p>Tampa rosque\u00e1vel com anel de silicone para veda\u00e7\u00e3o.<br \/>\nConserva l\u00edquido quente por at\u00e9 12 horas e l\u00edquido frio at\u00e9 18\u00a0horas<\/p>\n<p>Produto indicado para viagens, camping, ideal para seu dia a dia.<br \/>\nMant\u00e9m sua bebida quente ou fria por mais tempo.<\/p>\n<\/div>\n<\/div>\n","protected":false},"excerpt":{"rendered":"<p>GA6750 Garrafa t\u00e9rmica em a\u00e7o inox com parede dupla isolada\u00a0a v\u00e1cuo,\u00a0com capacidade at\u00e9\u00a0450ml com infusor. Tampa rosque\u00e1vel com anel de silicone para veda\u00e7\u00e3o. Conserva l\u00edquido quente<span class=\"excerpt-hellip\"> [\u2026]<\/span><\/p>\n","protected":false},"featured_media":1265,"comment_status":"open","ping_status":"closed","template":"","meta":[],"product_cat":[132],"product_tag":[134,428],"class_list":["post-4465","product","type-product","status-publish","has-post-thumbnail","hentry","product_cat-garrafas-termicas-e-kits","product_tag-garrafa-termica","product_tag-garrafa-termica-450mls-personalizada"],"_links":{"self":[{"href":"https:\/\/vohnabrindes.com.br\/index.php\/wp-json\/wp\/v2\/product\/4465","targetHints":{"allow":["GET"]}}],"collection":[{"href":"https:\/\/vohnabrindes.com.br\/index.php\/wp-json\/wp\/v2\/product"}],"about":[{"href":"https:\/\/vohnabrindes.com.br\/index.php\/wp-json\/wp\/v2\/types\/product"}],"replies":[{"embeddable":true,"href":"https:\/\/vohnabrindes.com.br\/index.php\/wp-json\/wp\/v2\/comments?post=4465"}],"version-history":[{"count":1,"href":"https:\/\/vohnabrindes.com.br\/index.php\/wp-json\/wp\/v2\/product\/4465\/revisions"}],"predecessor-version":[{"id":4495,"href":"https:\/\/vohnabrindes.com.br\/index.php\/wp-json\/wp\/v2\/product\/4465\/revisions\/4495"}],"wp:featuredmedia":[{"embeddable":true,"href":"https:\/\/vohnabrindes.com.br\/index.php\/wp-json\/wp\/v2\/media\/1265"}],"wp:attachment":[{"href":"https:\/\/vohnabrindes.com.br\/index.php\/wp-json\/wp\/v2\/media?parent=4465"}],"wp:term":[{"taxonomy":"product_cat","embeddable":true,"href":"https:\/\/vohnabrindes.com.br\/index.php\/wp-json\/wp\/v2\/product_cat?post=4465"},{"taxonomy":"product_tag","embeddable":true,"href":"https:\/\/vohnabrindes.com.br\/index.php\/wp-json\/wp\/v2\/product_tag?post=4465"}],"curies":[{"name":"wp","href":"https:\/\/api.w.org\/{rel}","templated":true}]}}