{"id":4466,"date":"2025-05-30T21:38:57","date_gmt":"2025-05-31T00:38:57","guid":{"rendered":"https:\/\/vohnabrindes.com.br\/?post_type=product&#038;p=4466"},"modified":"2025-05-30T21:38:58","modified_gmt":"2025-05-31T00:38:58","slug":"garrafa-com-parede-dupla-termico-personalizada","status":"publish","type":"product","link":"https:\/\/vohnabrindes.com.br\/index.php\/product\/garrafa-com-parede-dupla-termico-personalizada\/","title":{"rendered":"Garrafa com parede dupla (t\u00e9rmico) personalizada."},"content":{"rendered":"<div class=\"ref\">94662-NORRE BOTTLE.<\/div>\n<div class=\"ref\">Garrafa com parede dupla (t\u00e9rmico)<\/div>\n<div class=\"texto\">Squeeze em a\u00e7o inox com parede dupla isolada a v\u00e1cuo, parede interna revestida de cobre e tampa em bambu com vedante de silicone para prote\u00e7\u00e3o extra (t\u00e9rmico).<\/div>\n<div class=\"texto\">Tem capacidade at\u00e9 640 mL e mant\u00e9m as bebidas quentes por 16 h e frias por 48 h.<\/div>\n<div class=\"texto\">Cont\u00e9m revestimento em p\u00f3 que lhe confere mais durabilidade e resist\u00eancia.<\/div>\n<div class=\"texto\">Certifica\u00e7\u00e3o EU Food Grade. Fornecido em caixa presente de papel kraft. \u00f872 x 233 mm<\/div>\n","protected":false},"excerpt":{"rendered":"<p>94662-NORRE BOTTLE. Garrafa com parede dupla (t\u00e9rmico) Squeeze em a\u00e7o inox com parede dupla isolada a v\u00e1cuo, parede interna revestida de cobre e tampa em bambu<span class=\"excerpt-hellip\"> [\u2026]<\/span><\/p>\n","protected":false},"featured_media":1276,"comment_status":"open","ping_status":"closed","template":"","meta":[],"product_cat":[132],"product_tag":[429,134],"class_list":["post-4466","product","type-product","status-publish","has-post-thumbnail","hentry","product_cat-garrafas-termicas-e-kits","product_tag-garrafa-com-parede-dupla-termico-personalizada","product_tag-garrafa-termica"],"_links":{"self":[{"href":"https:\/\/vohnabrindes.com.br\/index.php\/wp-json\/wp\/v2\/product\/4466","targetHints":{"allow":["GET"]}}],"collection":[{"href":"https:\/\/vohnabrindes.com.br\/index.php\/wp-json\/wp\/v2\/product"}],"about":[{"href":"https:\/\/vohnabrindes.com.br\/index.php\/wp-json\/wp\/v2\/types\/product"}],"replies":[{"embeddable":true,"href":"https:\/\/vohnabrindes.com.br\/index.php\/wp-json\/wp\/v2\/comments?post=4466"}],"version-history":[{"count":1,"href":"https:\/\/vohnabrindes.com.br\/index.php\/wp-json\/wp\/v2\/product\/4466\/revisions"}],"predecessor-version":[{"id":4496,"href":"https:\/\/vohnabrindes.com.br\/index.php\/wp-json\/wp\/v2\/product\/4466\/revisions\/4496"}],"wp:featuredmedia":[{"embeddable":true,"href":"https:\/\/vohnabrindes.com.br\/index.php\/wp-json\/wp\/v2\/media\/1276"}],"wp:attachment":[{"href":"https:\/\/vohnabrindes.com.br\/index.php\/wp-json\/wp\/v2\/media?parent=4466"}],"wp:term":[{"taxonomy":"product_cat","embeddable":true,"href":"https:\/\/vohnabrindes.com.br\/index.php\/wp-json\/wp\/v2\/product_cat?post=4466"},{"taxonomy":"product_tag","embeddable":true,"href":"https:\/\/vohnabrindes.com.br\/index.php\/wp-json\/wp\/v2\/product_tag?post=4466"}],"curies":[{"name":"wp","href":"https:\/\/api.w.org\/{rel}","templated":true}]}}