{"id":4468,"date":"2025-05-30T21:38:57","date_gmt":"2025-05-31T00:38:57","guid":{"rendered":"https:\/\/vohnabrindes.com.br\/?post_type=product&#038;p=4468"},"modified":"2025-05-30T21:38:58","modified_gmt":"2025-05-31T00:38:58","slug":"garrafa-termica-personalizada-4","status":"publish","type":"product","link":"https:\/\/vohnabrindes.com.br\/index.php\/product\/garrafa-termica-personalizada-4\/","title":{"rendered":"Garrafa t\u00e9rmica\u00a0 personalizada."},"content":{"rendered":"<pre class=\"mb-3\">GA8400<\/pre>\n<div class=\"d-block\">\n<div>\n<p>Garrafa t\u00e9rmica\u00a0em a\u00e7o inox isolada\u00a0a v\u00e1cuo com\u00a0parede dupla, tampa de pl\u00e1stico com al\u00e7a de transporte de a\u00e7o inoxid\u00e1vel. Com capacidade de at\u00e9 500ml.<\/p>\n<\/div>\n<\/div>\n","protected":false},"excerpt":{"rendered":"<p>GA8400 Garrafa t\u00e9rmica\u00a0em a\u00e7o inox isolada\u00a0a v\u00e1cuo com\u00a0parede dupla, tampa de pl\u00e1stico com al\u00e7a de transporte de a\u00e7o inoxid\u00e1vel. Com capacidade de at\u00e9 500ml.<\/p>\n","protected":false},"featured_media":1280,"comment_status":"open","ping_status":"closed","template":"","meta":[],"product_cat":[132],"product_tag":[416],"class_list":["post-4468","product","type-product","status-publish","has-post-thumbnail","hentry","product_cat-garrafas-termicas-e-kits","product_tag-garrafa-termica-personalizada"],"_links":{"self":[{"href":"https:\/\/vohnabrindes.com.br\/index.php\/wp-json\/wp\/v2\/product\/4468","targetHints":{"allow":["GET"]}}],"collection":[{"href":"https:\/\/vohnabrindes.com.br\/index.php\/wp-json\/wp\/v2\/product"}],"about":[{"href":"https:\/\/vohnabrindes.com.br\/index.php\/wp-json\/wp\/v2\/types\/product"}],"replies":[{"embeddable":true,"href":"https:\/\/vohnabrindes.com.br\/index.php\/wp-json\/wp\/v2\/comments?post=4468"}],"version-history":[{"count":1,"href":"https:\/\/vohnabrindes.com.br\/index.php\/wp-json\/wp\/v2\/product\/4468\/revisions"}],"predecessor-version":[{"id":4498,"href":"https:\/\/vohnabrindes.com.br\/index.php\/wp-json\/wp\/v2\/product\/4468\/revisions\/4498"}],"wp:featuredmedia":[{"embeddable":true,"href":"https:\/\/vohnabrindes.com.br\/index.php\/wp-json\/wp\/v2\/media\/1280"}],"wp:attachment":[{"href":"https:\/\/vohnabrindes.com.br\/index.php\/wp-json\/wp\/v2\/media?parent=4468"}],"wp:term":[{"taxonomy":"product_cat","embeddable":true,"href":"https:\/\/vohnabrindes.com.br\/index.php\/wp-json\/wp\/v2\/product_cat?post=4468"},{"taxonomy":"product_tag","embeddable":true,"href":"https:\/\/vohnabrindes.com.br\/index.php\/wp-json\/wp\/v2\/product_tag?post=4468"}],"curies":[{"name":"wp","href":"https:\/\/api.w.org\/{rel}","templated":true}]}}