{"id":4471,"date":"2025-05-30T21:38:57","date_gmt":"2025-05-31T00:38:57","guid":{"rendered":"https:\/\/vohnabrindes.com.br\/?post_type=product&#038;p=4471"},"modified":"2025-05-30T21:38:58","modified_gmt":"2025-05-31T00:38:58","slug":"garrafa-termica-personalizada-6","status":"publish","type":"product","link":"https:\/\/vohnabrindes.com.br\/index.php\/product\/garrafa-termica-personalizada-6\/","title":{"rendered":"Garrafa t\u00e9rmica personalizada."},"content":{"rendered":"<pre class=\"mb-3\"><span style=\"font-family: Consolas, Monaco, monospace; font-size: 14px;\">GA8900D<\/span>\r\n\r\nGarrafa t\u00e9rmica em a\u00e7o inox com parede dupla com capacidade de at\u00e9 570 ml. \r\nTampa rosque\u00e1vel, mosquet\u00e3o em pl\u00e1stico\u00a0e anel de silicone para veda\u00e7\u00e3o. \r\nDesign com frisos na tampa e pintura p\u00f3.<\/pre>\n","protected":false},"excerpt":{"rendered":"<p>GA8900D Garrafa t\u00e9rmica em a\u00e7o inox com parede dupla com capacidade de at\u00e9 570 ml. Tampa rosque\u00e1vel, mosquet\u00e3o em pl\u00e1stico\u00a0e anel de silicone para veda\u00e7\u00e3o. Design<span class=\"excerpt-hellip\"> [\u2026]<\/span><\/p>\n","protected":false},"featured_media":1286,"comment_status":"open","ping_status":"closed","template":"","meta":[],"product_cat":[132],"product_tag":[416],"class_list":["post-4471","product","type-product","status-publish","has-post-thumbnail","hentry","product_cat-garrafas-termicas-e-kits","product_tag-garrafa-termica-personalizada"],"_links":{"self":[{"href":"https:\/\/vohnabrindes.com.br\/index.php\/wp-json\/wp\/v2\/product\/4471","targetHints":{"allow":["GET"]}}],"collection":[{"href":"https:\/\/vohnabrindes.com.br\/index.php\/wp-json\/wp\/v2\/product"}],"about":[{"href":"https:\/\/vohnabrindes.com.br\/index.php\/wp-json\/wp\/v2\/types\/product"}],"replies":[{"embeddable":true,"href":"https:\/\/vohnabrindes.com.br\/index.php\/wp-json\/wp\/v2\/comments?post=4471"}],"version-history":[{"count":1,"href":"https:\/\/vohnabrindes.com.br\/index.php\/wp-json\/wp\/v2\/product\/4471\/revisions"}],"predecessor-version":[{"id":4501,"href":"https:\/\/vohnabrindes.com.br\/index.php\/wp-json\/wp\/v2\/product\/4471\/revisions\/4501"}],"wp:featuredmedia":[{"embeddable":true,"href":"https:\/\/vohnabrindes.com.br\/index.php\/wp-json\/wp\/v2\/media\/1286"}],"wp:attachment":[{"href":"https:\/\/vohnabrindes.com.br\/index.php\/wp-json\/wp\/v2\/media?parent=4471"}],"wp:term":[{"taxonomy":"product_cat","embeddable":true,"href":"https:\/\/vohnabrindes.com.br\/index.php\/wp-json\/wp\/v2\/product_cat?post=4471"},{"taxonomy":"product_tag","embeddable":true,"href":"https:\/\/vohnabrindes.com.br\/index.php\/wp-json\/wp\/v2\/product_tag?post=4471"}],"curies":[{"name":"wp","href":"https:\/\/api.w.org\/{rel}","templated":true}]}}