{"id":4473,"date":"2025-05-30T21:38:57","date_gmt":"2025-05-31T00:38:57","guid":{"rendered":"https:\/\/vohnabrindes.com.br\/?post_type=product&#038;p=4473"},"modified":"2025-05-30T21:39:00","modified_gmt":"2025-05-31T00:39:00","slug":"garrafa-termica-personalizada-7","status":"publish","type":"product","link":"https:\/\/vohnabrindes.com.br\/index.php\/product\/garrafa-termica-personalizada-7\/","title":{"rendered":"Garrafa t\u00e9rmica personalizada."},"content":{"rendered":"<pre class=\"mb-3\">GA8700<\/pre>\n<div class=\"d-block\">\n<div>\n<p>Garrafa t\u00e9rmica em a\u00e7o inox com parede dupla isolada a v\u00e1cuo, com capacidade de at\u00e9 1,2l.<\/p>\n<p>Al\u00e9m de garantir a temperatura ideal do l\u00edquido por horas, \u00e9 muito f\u00e1cil de ser transportada por sua al\u00e7a lateral pl\u00e1stica, que torna o uso desse potente recipiente muito mais simples.<\/p>\n<p>Tampa rosque\u00e1vel e anel de silicone para veda\u00e7\u00e3o na tampa.<\/p>\n<\/div>\n<\/div>\n","protected":false},"excerpt":{"rendered":"<p>GA8700 Garrafa t\u00e9rmica em a\u00e7o inox com parede dupla isolada a v\u00e1cuo, com capacidade de at\u00e9 1,2l. Al\u00e9m de garantir a temperatura ideal do l\u00edquido por<span class=\"excerpt-hellip\"> [\u2026]<\/span><\/p>\n","protected":false},"featured_media":1290,"comment_status":"open","ping_status":"closed","template":"","meta":[],"product_cat":[132],"product_tag":[416],"class_list":["post-4473","product","type-product","status-publish","has-post-thumbnail","hentry","product_cat-garrafas-termicas-e-kits","product_tag-garrafa-termica-personalizada"],"_links":{"self":[{"href":"https:\/\/vohnabrindes.com.br\/index.php\/wp-json\/wp\/v2\/product\/4473","targetHints":{"allow":["GET"]}}],"collection":[{"href":"https:\/\/vohnabrindes.com.br\/index.php\/wp-json\/wp\/v2\/product"}],"about":[{"href":"https:\/\/vohnabrindes.com.br\/index.php\/wp-json\/wp\/v2\/types\/product"}],"replies":[{"embeddable":true,"href":"https:\/\/vohnabrindes.com.br\/index.php\/wp-json\/wp\/v2\/comments?post=4473"}],"version-history":[{"count":1,"href":"https:\/\/vohnabrindes.com.br\/index.php\/wp-json\/wp\/v2\/product\/4473\/revisions"}],"predecessor-version":[{"id":4504,"href":"https:\/\/vohnabrindes.com.br\/index.php\/wp-json\/wp\/v2\/product\/4473\/revisions\/4504"}],"wp:featuredmedia":[{"embeddable":true,"href":"https:\/\/vohnabrindes.com.br\/index.php\/wp-json\/wp\/v2\/media\/1290"}],"wp:attachment":[{"href":"https:\/\/vohnabrindes.com.br\/index.php\/wp-json\/wp\/v2\/media?parent=4473"}],"wp:term":[{"taxonomy":"product_cat","embeddable":true,"href":"https:\/\/vohnabrindes.com.br\/index.php\/wp-json\/wp\/v2\/product_cat?post=4473"},{"taxonomy":"product_tag","embeddable":true,"href":"https:\/\/vohnabrindes.com.br\/index.php\/wp-json\/wp\/v2\/product_tag?post=4473"}],"curies":[{"name":"wp","href":"https:\/\/api.w.org\/{rel}","templated":true}]}}