{"id":4479,"date":"2025-05-30T21:38:57","date_gmt":"2025-05-31T00:38:57","guid":{"rendered":"https:\/\/vohnabrindes.com.br\/?post_type=product&#038;p=4479"},"modified":"2025-05-30T21:39:00","modified_gmt":"2025-05-31T00:39:00","slug":"garrafa-plastica-personalizada","status":"publish","type":"product","link":"https:\/\/vohnabrindes.com.br\/index.php\/product\/garrafa-plastica-personalizada\/","title":{"rendered":"Garrafa Pl\u00e1stica personalizada."},"content":{"rendered":"<pre class=\"mb-3\">GA6025<\/pre>\n<div class=\"d-block\">\n<div>\n<p>Garrafa pl\u00e1stica com capacidade de at\u00e9 570 ml com filtro, al\u00e7a de silicone e tampa rosque\u00e1vel em metal, com anel silicone para veda\u00e7\u00e3o. Pintura fosca jateada.<\/p>\n<p>A t\u00e9cnica que \u00e9 utilizada para grava\u00e7\u00e3o \u00e9 silk screen com tinta bi-componentes, sendo poss\u00edvel tamb\u00e9m gravar em UV DIGITAL preparando a garrafa com promotor de ader\u00eancia antes de receber a impress\u00e3o.<\/p>\n<\/div>\n<\/div>\n","protected":false},"excerpt":{"rendered":"<p>GA6025 Garrafa pl\u00e1stica com capacidade de at\u00e9 570 ml com filtro, al\u00e7a de silicone e tampa rosque\u00e1vel em metal, com anel silicone para veda\u00e7\u00e3o. Pintura fosca<span class=\"excerpt-hellip\"> [\u2026]<\/span><\/p>\n","protected":false},"featured_media":1310,"comment_status":"open","ping_status":"closed","template":"","meta":[],"product_cat":[129],"product_tag":[133,441],"class_list":["post-4479","product","type-product","status-publish","has-post-thumbnail","hentry","product_cat-garrafas-e-squeezes","product_tag-garrafa-personalizada","product_tag-garrafa-plastica"],"_links":{"self":[{"href":"https:\/\/vohnabrindes.com.br\/index.php\/wp-json\/wp\/v2\/product\/4479","targetHints":{"allow":["GET"]}}],"collection":[{"href":"https:\/\/vohnabrindes.com.br\/index.php\/wp-json\/wp\/v2\/product"}],"about":[{"href":"https:\/\/vohnabrindes.com.br\/index.php\/wp-json\/wp\/v2\/types\/product"}],"replies":[{"embeddable":true,"href":"https:\/\/vohnabrindes.com.br\/index.php\/wp-json\/wp\/v2\/comments?post=4479"}],"version-history":[{"count":1,"href":"https:\/\/vohnabrindes.com.br\/index.php\/wp-json\/wp\/v2\/product\/4479\/revisions"}],"predecessor-version":[{"id":4510,"href":"https:\/\/vohnabrindes.com.br\/index.php\/wp-json\/wp\/v2\/product\/4479\/revisions\/4510"}],"wp:featuredmedia":[{"embeddable":true,"href":"https:\/\/vohnabrindes.com.br\/index.php\/wp-json\/wp\/v2\/media\/1310"}],"wp:attachment":[{"href":"https:\/\/vohnabrindes.com.br\/index.php\/wp-json\/wp\/v2\/media?parent=4479"}],"wp:term":[{"taxonomy":"product_cat","embeddable":true,"href":"https:\/\/vohnabrindes.com.br\/index.php\/wp-json\/wp\/v2\/product_cat?post=4479"},{"taxonomy":"product_tag","embeddable":true,"href":"https:\/\/vohnabrindes.com.br\/index.php\/wp-json\/wp\/v2\/product_tag?post=4479"}],"curies":[{"name":"wp","href":"https:\/\/api.w.org\/{rel}","templated":true}]}}