{"id":4491,"date":"2025-05-30T21:38:58","date_gmt":"2025-05-31T00:38:58","guid":{"rendered":"https:\/\/vohnabrindes.com.br\/?post_type=product&#038;p=4491"},"modified":"2025-05-30T21:39:01","modified_gmt":"2025-05-31T00:39:01","slug":"squeeze-aluminio-500ml-personalizado","status":"publish","type":"product","link":"https:\/\/vohnabrindes.com.br\/index.php\/product\/squeeze-aluminio-500ml-personalizado\/","title":{"rendered":"Squeeze Alum\u00ednio 500ml personalizado."},"content":{"rendered":"<pre id=\"item_referencia\">9139A<\/pre>\n<p class=\"produto-nome\"><span class=\"desc-sub my-desc-sub\">Squeeze 500ml de alum\u00ednio com pintura metalizada, tampa rosque\u00e1vel e acompanha um segundo bico com mosquet\u00e3o (n\u00e3o \u00e9 t\u00e9rmico).<\/span><\/p>\n<div class=\"caracs\">\n<div class=\"desc\">\n<p class=\"desc-tit\">Medidas aproximadas para grava\u00e7\u00e3o<span class=\"desc-sub\">\u00a0(CxL):\u00a0 14,3 cm x 6 cm<\/span><\/p>\n<\/div>\n<div class=\"desc\">\n<p class=\"desc-tit\">Tamanho total aproximado\u00a0<span class=\"desc-sub\">\u00a0(CxL):\u00a0 21,3 cm x 6,5 cm<\/span><\/p>\n<\/div>\n<div class=\"desc\">\n<p class=\"desc-tit\">Peso aproximado<span class=\"desc-sub\">\u00a0(g):\u00a0 95<\/span><\/p>\n<\/div>\n<\/div>\n","protected":false},"excerpt":{"rendered":"<p>9139A Squeeze 500ml de alum\u00ednio com pintura metalizada, tampa rosque\u00e1vel e acompanha um segundo bico com mosquet\u00e3o (n\u00e3o \u00e9 t\u00e9rmico). Medidas aproximadas para grava\u00e7\u00e3o\u00a0(CxL):\u00a0 14,3 cm<span class=\"excerpt-hellip\"> [\u2026]<\/span><\/p>\n","protected":false},"featured_media":1350,"comment_status":"open","ping_status":"closed","template":"","meta":[],"product_cat":[129],"product_tag":[456,454],"class_list":["post-4491","product","type-product","status-publish","has-post-thumbnail","hentry","product_cat-garrafas-e-squeezes","product_tag-squeeze-aluminio-500ml-personalizado","product_tag-squeeze-co-mosquetao"],"_links":{"self":[{"href":"https:\/\/vohnabrindes.com.br\/index.php\/wp-json\/wp\/v2\/product\/4491","targetHints":{"allow":["GET"]}}],"collection":[{"href":"https:\/\/vohnabrindes.com.br\/index.php\/wp-json\/wp\/v2\/product"}],"about":[{"href":"https:\/\/vohnabrindes.com.br\/index.php\/wp-json\/wp\/v2\/types\/product"}],"replies":[{"embeddable":true,"href":"https:\/\/vohnabrindes.com.br\/index.php\/wp-json\/wp\/v2\/comments?post=4491"}],"version-history":[{"count":1,"href":"https:\/\/vohnabrindes.com.br\/index.php\/wp-json\/wp\/v2\/product\/4491\/revisions"}],"predecessor-version":[{"id":4522,"href":"https:\/\/vohnabrindes.com.br\/index.php\/wp-json\/wp\/v2\/product\/4491\/revisions\/4522"}],"wp:featuredmedia":[{"embeddable":true,"href":"https:\/\/vohnabrindes.com.br\/index.php\/wp-json\/wp\/v2\/media\/1350"}],"wp:attachment":[{"href":"https:\/\/vohnabrindes.com.br\/index.php\/wp-json\/wp\/v2\/media?parent=4491"}],"wp:term":[{"taxonomy":"product_cat","embeddable":true,"href":"https:\/\/vohnabrindes.com.br\/index.php\/wp-json\/wp\/v2\/product_cat?post=4491"},{"taxonomy":"product_tag","embeddable":true,"href":"https:\/\/vohnabrindes.com.br\/index.php\/wp-json\/wp\/v2\/product_tag?post=4491"}],"curies":[{"name":"wp","href":"https:\/\/api.w.org\/{rel}","templated":true}]}}