{"id":4528,"date":"2025-05-30T21:39:02","date_gmt":"2025-05-31T00:39:02","guid":{"rendered":"https:\/\/vohnabrindes.com.br\/?post_type=product&#038;p=4528"},"modified":"2025-05-30T21:39:04","modified_gmt":"2025-05-31T00:39:04","slug":"squeeze-plastico-750mls-personalizado","status":"publish","type":"product","link":"https:\/\/vohnabrindes.com.br\/index.php\/product\/squeeze-plastico-750mls-personalizado\/","title":{"rendered":"Squeeze pl\u00e1stico 750mls personalizado."},"content":{"rendered":"<p>Squeeze pl\u00e1stico 750mls personalizado.<\/p>\n<p>cor a escolher<\/p>\n<p>m\u00ednimo 100 pe\u00e7as<\/p>\n","protected":false},"excerpt":{"rendered":"<p>Squeeze pl\u00e1stico 750mls personalizado. cor a escolher m\u00ednimo 100 pe\u00e7as<\/p>\n","protected":false},"featured_media":1362,"comment_status":"open","ping_status":"closed","template":"","meta":[],"product_cat":[129],"product_tag":[435,131,463],"class_list":["post-4528","product","type-product","status-publish","has-post-thumbnail","hentry","product_cat-garrafas-e-squeezes","product_tag-squeeze-personalizado","product_tag-squeeze-plastico","product_tag-squeeze-plastico-750mls-personalizado"],"_links":{"self":[{"href":"https:\/\/vohnabrindes.com.br\/index.php\/wp-json\/wp\/v2\/product\/4528","targetHints":{"allow":["GET"]}}],"collection":[{"href":"https:\/\/vohnabrindes.com.br\/index.php\/wp-json\/wp\/v2\/product"}],"about":[{"href":"https:\/\/vohnabrindes.com.br\/index.php\/wp-json\/wp\/v2\/types\/product"}],"replies":[{"embeddable":true,"href":"https:\/\/vohnabrindes.com.br\/index.php\/wp-json\/wp\/v2\/comments?post=4528"}],"version-history":[{"count":1,"href":"https:\/\/vohnabrindes.com.br\/index.php\/wp-json\/wp\/v2\/product\/4528\/revisions"}],"predecessor-version":[{"id":4558,"href":"https:\/\/vohnabrindes.com.br\/index.php\/wp-json\/wp\/v2\/product\/4528\/revisions\/4558"}],"wp:featuredmedia":[{"embeddable":true,"href":"https:\/\/vohnabrindes.com.br\/index.php\/wp-json\/wp\/v2\/media\/1362"}],"wp:attachment":[{"href":"https:\/\/vohnabrindes.com.br\/index.php\/wp-json\/wp\/v2\/media?parent=4528"}],"wp:term":[{"taxonomy":"product_cat","embeddable":true,"href":"https:\/\/vohnabrindes.com.br\/index.php\/wp-json\/wp\/v2\/product_cat?post=4528"},{"taxonomy":"product_tag","embeddable":true,"href":"https:\/\/vohnabrindes.com.br\/index.php\/wp-json\/wp\/v2\/product_tag?post=4528"}],"curies":[{"name":"wp","href":"https:\/\/api.w.org\/{rel}","templated":true}]}}