{"id":4532,"date":"2025-05-30T21:39:02","date_gmt":"2025-05-31T00:39:02","guid":{"rendered":"https:\/\/vohnabrindes.com.br\/?post_type=product&#038;p=4532"},"modified":"2025-05-30T21:39:04","modified_gmt":"2025-05-31T00:39:04","slug":"squeeze-500mls-personalizada","status":"publish","type":"product","link":"https:\/\/vohnabrindes.com.br\/index.php\/product\/squeeze-500mls-personalizada\/","title":{"rendered":"Squeeze 500mls personalizada."},"content":{"rendered":"<div class=\"ref\">94063-BEANE.<\/div>\n<div><\/div>\n<div class=\"texto\">Squeeze em alum\u00ednio com tampa em a\u00e7o inox e capacidade at\u00e9 500 mL.<\/div>\n<div class=\"texto\">Certifica\u00e7\u00e3o EU Food Grade.<\/div>\n<div class=\"texto\">vendido sem caixa individual<\/div>\n<div class=\"texto\">dimens\u00f5es: \u00f867 x 205 mm<\/div>\n","protected":false},"excerpt":{"rendered":"<p>94063-BEANE. Squeeze em alum\u00ednio com tampa em a\u00e7o inox e capacidade at\u00e9 500 mL. Certifica\u00e7\u00e3o EU Food Grade. vendido sem caixa individual dimens\u00f5es: \u00f867 x 205<span class=\"excerpt-hellip\"> [\u2026]<\/span><\/p>\n","protected":false},"featured_media":1379,"comment_status":"open","ping_status":"closed","template":"","meta":[],"product_cat":[129],"product_tag":[468,133,469],"class_list":["post-4532","product","type-product","status-publish","has-post-thumbnail","hentry","product_cat-garrafas-e-squeezes","product_tag-garrafa-metal-personalizada","product_tag-garrafa-personalizada","product_tag-squeeze-500mls-personalizada"],"_links":{"self":[{"href":"https:\/\/vohnabrindes.com.br\/index.php\/wp-json\/wp\/v2\/product\/4532","targetHints":{"allow":["GET"]}}],"collection":[{"href":"https:\/\/vohnabrindes.com.br\/index.php\/wp-json\/wp\/v2\/product"}],"about":[{"href":"https:\/\/vohnabrindes.com.br\/index.php\/wp-json\/wp\/v2\/types\/product"}],"replies":[{"embeddable":true,"href":"https:\/\/vohnabrindes.com.br\/index.php\/wp-json\/wp\/v2\/comments?post=4532"}],"version-history":[{"count":1,"href":"https:\/\/vohnabrindes.com.br\/index.php\/wp-json\/wp\/v2\/product\/4532\/revisions"}],"predecessor-version":[{"id":4562,"href":"https:\/\/vohnabrindes.com.br\/index.php\/wp-json\/wp\/v2\/product\/4532\/revisions\/4562"}],"wp:featuredmedia":[{"embeddable":true,"href":"https:\/\/vohnabrindes.com.br\/index.php\/wp-json\/wp\/v2\/media\/1379"}],"wp:attachment":[{"href":"https:\/\/vohnabrindes.com.br\/index.php\/wp-json\/wp\/v2\/media?parent=4532"}],"wp:term":[{"taxonomy":"product_cat","embeddable":true,"href":"https:\/\/vohnabrindes.com.br\/index.php\/wp-json\/wp\/v2\/product_cat?post=4532"},{"taxonomy":"product_tag","embeddable":true,"href":"https:\/\/vohnabrindes.com.br\/index.php\/wp-json\/wp\/v2\/product_tag?post=4532"}],"curies":[{"name":"wp","href":"https:\/\/api.w.org\/{rel}","templated":true}]}}