{"id":4533,"date":"2025-05-30T21:39:02","date_gmt":"2025-05-31T00:39:02","guid":{"rendered":"https:\/\/vohnabrindes.com.br\/?post_type=product&#038;p=4533"},"modified":"2025-05-30T21:39:04","modified_gmt":"2025-05-31T00:39:04","slug":"squeeze-800-ml-com-porta-cartoes-personalizado","status":"publish","type":"product","link":"https:\/\/vohnabrindes.com.br\/index.php\/product\/squeeze-800-ml-com-porta-cartoes-personalizado\/","title":{"rendered":"Squeeze 800 mL com porta cart\u00f5es personalizado."},"content":{"rendered":"<div class=\"ref\">94620-PEPE.<\/div>\n<div><\/div>\n<div class=\"texto\">Squeeze em Tritan\u2122 com tampa flip top em PP, compartimento em ABS para cart\u00f5es, chaves e dinheiro. Capacidade at\u00e9 800 mL.<\/div>\n<div class=\"texto\">Certifica\u00e7\u00e3o EU Food Grade.<\/div>\n<div class=\"texto\">Fornecida em caixa. \u00f880 x 260 mm<\/div>\n","protected":false},"excerpt":{"rendered":"<p>94620-PEPE. Squeeze em Tritan\u2122 com tampa flip top em PP, compartimento em ABS para cart\u00f5es, chaves e dinheiro. Capacidade at\u00e9 800 mL. Certifica\u00e7\u00e3o EU Food Grade.<span class=\"excerpt-hellip\"> [\u2026]<\/span><\/p>\n","protected":false},"featured_media":1381,"comment_status":"open","ping_status":"closed","template":"","meta":[],"product_cat":[129],"product_tag":[470,435,131],"class_list":["post-4533","product","type-product","status-publish","has-post-thumbnail","hentry","product_cat-garrafas-e-squeezes","product_tag-squeeze-800-ml-com-porta-cartoes-personalizado","product_tag-squeeze-personalizado","product_tag-squeeze-plastico"],"_links":{"self":[{"href":"https:\/\/vohnabrindes.com.br\/index.php\/wp-json\/wp\/v2\/product\/4533","targetHints":{"allow":["GET"]}}],"collection":[{"href":"https:\/\/vohnabrindes.com.br\/index.php\/wp-json\/wp\/v2\/product"}],"about":[{"href":"https:\/\/vohnabrindes.com.br\/index.php\/wp-json\/wp\/v2\/types\/product"}],"replies":[{"embeddable":true,"href":"https:\/\/vohnabrindes.com.br\/index.php\/wp-json\/wp\/v2\/comments?post=4533"}],"version-history":[{"count":1,"href":"https:\/\/vohnabrindes.com.br\/index.php\/wp-json\/wp\/v2\/product\/4533\/revisions"}],"predecessor-version":[{"id":4563,"href":"https:\/\/vohnabrindes.com.br\/index.php\/wp-json\/wp\/v2\/product\/4533\/revisions\/4563"}],"wp:featuredmedia":[{"embeddable":true,"href":"https:\/\/vohnabrindes.com.br\/index.php\/wp-json\/wp\/v2\/media\/1381"}],"wp:attachment":[{"href":"https:\/\/vohnabrindes.com.br\/index.php\/wp-json\/wp\/v2\/media?parent=4533"}],"wp:term":[{"taxonomy":"product_cat","embeddable":true,"href":"https:\/\/vohnabrindes.com.br\/index.php\/wp-json\/wp\/v2\/product_cat?post=4533"},{"taxonomy":"product_tag","embeddable":true,"href":"https:\/\/vohnabrindes.com.br\/index.php\/wp-json\/wp\/v2\/product_tag?post=4533"}],"curies":[{"name":"wp","href":"https:\/\/api.w.org\/{rel}","templated":true}]}}