{"id":4536,"date":"2025-05-30T21:39:02","date_gmt":"2025-05-31T00:39:02","guid":{"rendered":"https:\/\/vohnabrindes.com.br\/?post_type=product&#038;p=4536"},"modified":"2025-05-30T21:39:04","modified_gmt":"2025-05-31T00:39:04","slug":"squeeze-600-ml-com-borrifador-personalizado","status":"publish","type":"product","link":"https:\/\/vohnabrindes.com.br\/index.php\/product\/squeeze-600-ml-com-borrifador-personalizado\/","title":{"rendered":"Squeeze 600 mL com borrifador personalizado."},"content":{"rendered":"<div class=\"ref\">94632-CLOUDS.<\/div>\n<div class=\"ref\"><\/div>\n<div class=\"texto\">Squeeze em PS e tampa em ABS com bico &#8220;push-pull&#8221;.<\/div>\n<div class=\"texto\">Incluso vaporizador, al\u00e7a para facilitar o transporte e capacidade at\u00e9 600 mL.<\/div>\n<div class=\"texto\">Certifica\u00e7\u00e3o EU Food Grade.<\/div>\n<div class=\"texto\">Caixa branca 94657 vendida opcionalmente.<\/div>\n<div class=\"texto\">dimens\u00f5es:\u00f866 x 250 mm<\/div>\n","protected":false},"excerpt":{"rendered":"<p>94632-CLOUDS. Squeeze em PS e tampa em ABS com bico &#8220;push-pull&#8221;. Incluso vaporizador, al\u00e7a para facilitar o transporte e capacidade at\u00e9 600 mL. Certifica\u00e7\u00e3o EU Food<span class=\"excerpt-hellip\"> [\u2026]<\/span><\/p>\n","protected":false},"featured_media":1387,"comment_status":"open","ping_status":"closed","template":"","meta":[],"product_cat":[129],"product_tag":[474],"class_list":["post-4536","product","type-product","status-publish","has-post-thumbnail","hentry","product_cat-garrafas-e-squeezes","product_tag-squeeze-600-ml-com-borrifador-personalizado"],"_links":{"self":[{"href":"https:\/\/vohnabrindes.com.br\/index.php\/wp-json\/wp\/v2\/product\/4536","targetHints":{"allow":["GET"]}}],"collection":[{"href":"https:\/\/vohnabrindes.com.br\/index.php\/wp-json\/wp\/v2\/product"}],"about":[{"href":"https:\/\/vohnabrindes.com.br\/index.php\/wp-json\/wp\/v2\/types\/product"}],"replies":[{"embeddable":true,"href":"https:\/\/vohnabrindes.com.br\/index.php\/wp-json\/wp\/v2\/comments?post=4536"}],"version-history":[{"count":1,"href":"https:\/\/vohnabrindes.com.br\/index.php\/wp-json\/wp\/v2\/product\/4536\/revisions"}],"predecessor-version":[{"id":4566,"href":"https:\/\/vohnabrindes.com.br\/index.php\/wp-json\/wp\/v2\/product\/4536\/revisions\/4566"}],"wp:featuredmedia":[{"embeddable":true,"href":"https:\/\/vohnabrindes.com.br\/index.php\/wp-json\/wp\/v2\/media\/1387"}],"wp:attachment":[{"href":"https:\/\/vohnabrindes.com.br\/index.php\/wp-json\/wp\/v2\/media?parent=4536"}],"wp:term":[{"taxonomy":"product_cat","embeddable":true,"href":"https:\/\/vohnabrindes.com.br\/index.php\/wp-json\/wp\/v2\/product_cat?post=4536"},{"taxonomy":"product_tag","embeddable":true,"href":"https:\/\/vohnabrindes.com.br\/index.php\/wp-json\/wp\/v2\/product_tag?post=4536"}],"curies":[{"name":"wp","href":"https:\/\/api.w.org\/{rel}","templated":true}]}}